{"id":1078,"date":"2023-06-08T22:42:35","date_gmt":"2023-06-08T20:42:35","guid":{"rendered":"https:\/\/www.corpeverest.com\/inici\/"},"modified":"2025-07-18T00:12:48","modified_gmt":"2025-07-17T22:12:48","slug":"inici","status":"publish","type":"page","link":"https:\/\/corpeverest.com\/ca\/","title":{"rendered":"Inici"},"content":{"rendered":"\n<div class=\"slider-wrapper relative\" id=\"slider-1729765232\" >\n    <div class=\"slider slider-nav-circle slider-nav-large slider-nav-light slider-style-normal\"\n        data-flickity-options='{\n            \"cellAlign\": \"center\",\n            \"imagesLoaded\": true,\n            \"lazyLoad\": 1,\n            \"freeScroll\": false,\n            \"wrapAround\": true,\n            \"autoPlay\": 6000,\n            \"pauseAutoPlayOnHover\" : true,\n            \"prevNextButtons\": true,\n            \"contain\" : true,\n            \"adaptiveHeight\" : true,\n            \"dragThreshold\" : 10,\n            \"percentPosition\": true,\n            \"pageDots\": true,\n            \"rightToLeft\": false,\n            \"draggable\": true,\n            \"selectedAttraction\": 0.1,\n            \"parallax\" : 0,\n            \"friction\": 0.6        }'\n        >\n        \n\n\n  <div class=\"banner has-hover has-video is-full-height\" id=\"banner-88559728\">\n          <div class=\"banner-inner fill\">\n        <div class=\"banner-bg fill\" >\n                        \t<div class=\"video-overlay no-click fill visible\"><\/div>\n\t<video class=\"video-bg fill visible\" preload playsinline autoplay muted loop>\n\t\t<source src=\"https:\/\/corpeverest.com\/wp-content\/uploads\/2023\/06\/Everest-slidev2-low.mp4\" type=\"video\/mp4\">\t<\/video>\n                        \n\t<div class=\"is-border\"\n\t\tstyle=\"border-width:0px 0px 0px 0px;margin:-10px 0px 0px 0px;\">\n\t<\/div>\n                    <\/div>\n\t\t\n        <div class=\"banner-layers container\">\n            <div class=\"fill banner-link\"><\/div>            \n\n   <div id=\"text-box-1040237616\" class=\"text-box banner-layer hidden x0 md-x0 lg-x0 y25 md-y25 lg-y25 res-text\">\n                     <div data-animate=\"fadeInLeft\">           <div class=\"text-box-content text dark\">\n              \n              <div class=\"text-inner text-left\">\n                  \n\n<h1>Corporaci\u00f3 Everest<\/h1>\n<div class=\"is-divider divider clearfix\" style=\"max-width:117px;height:13px;background-color:rgb(231, 59, 72);\"><\/div>\n\n<p>Corporaci\u00f3 Everest \u00e9s un grup d\u2019empreses amb activitat en el sector dels serveis mediambientals.<\/p>\n<a class=\"button white is-outline\"  >\n\t\t<span>SABER-NE M\u00c9S<\/span>\n\t<\/a>\n\n\n\n              <\/div>\n           <\/div>\n       <\/div>                     \n<style>\n#text-box-1040237616 .text-box-content {\n  background-color: rgba(24, 27, 31, 0);\n  font-size: 100%;\n}\n#text-box-1040237616 .text-inner {\n  padding: 0px 0px 0px 15px;\n}\n#text-box-1040237616 {\n  width: 60%;\n}\n@media (min-width:550px) {\n  #text-box-1040237616 {\n    width: 100%;\n  }\n}\n<\/style>\n    <\/div>\n \n\n        <\/div>\n      <\/div>\n\n            \n<style>\n#banner-88559728 {\n  padding-top: 200px;\n  background-color: rgb(255, 255, 255);\n}\n@media (min-width:550px) {\n  #banner-88559728 {\n    padding-top: 100%;\n  }\n}\n<\/style>\n  <\/div>\n\n\n\n     <\/div>\n\n     <div class=\"loading-spin dark large centered\"><\/div>\n\n\t<\/div>\n\n\n\n\t<section class=\"section image-full-width-right\" id=\"section_139300109\">\n\t\t<div class=\"section-bg fill\" >\n\t\t\t\t\t\t\t\t\t\n\t\t\t\n\n\t\t<\/div>\n\n\t\t\n\n\t\t<div class=\"section-content relative\">\n\t\t\t\n\n\t<div id=\"gap-2050014934\" class=\"gap-element clearfix\" style=\"display:block; height:auto;\">\n\t\t\n<style>\n#gap-2050014934 {\n  padding-top: 30px;\n}\n<\/style>\n\t<\/div>\n\t\n\n<div class=\"row\"  id=\"row-615428305\">\n\n\n\t<div id=\"col-607683493\" class=\"col small-12 large-12\"  data-animate=\"fadeInLeft\">\n\t\t\t\t<div class=\"col-inner\"  >\n\t\t\t\n\t\t\t\n\n<h2>Corporaci\u00f3 Everest<\/h2>\n<div class=\"is-divider divider clearfix\" style=\"max-width:117px;height:13px;background-color:rgb(231, 59, 72);\"><\/div>\n\n\t<div id=\"gap-491045149\" class=\"gap-element clearfix\" style=\"display:block; height:auto;\">\n\t\t\n<style>\n#gap-491045149 {\n  padding-top: 20px;\n}\n<\/style>\n\t<\/div>\n\t\n\n<p style=\"text-align: justify;\">Empresa de gesti\u00f3 integral de residus fundada el 1964 compromesa amb els seus stakeholders en el tractament responsable i ecol\u00f2gic de residus.<br \/> La nostra aposta per la tecnologia m\u00e9s avan\u00e7ada i la formaci\u00f3 constant dels nostres professionals ens atorguen un &#8216;Know How&#8217; l\u00edder al sector.<\/p>\n<a href=\"https:\/\/corpeverest.com\/ca\/la-nostra-companyia\/\" class=\"button secondary\"  >\n\t\t<span>SABER-NE M\u00c9S<\/span>\n\t<\/a>\n\n\n\n\t\t<\/div>\n\t\t\t\t\t<\/div>\n\n\t\n\n<\/div>\n\n\t\t<\/div>\n\n\t\t\n<style>\n#section_139300109 {\n  padding-top: 30px;\n  padding-bottom: 30px;\n}\n<\/style>\n\t<\/section>\n\t\n\n\t<section class=\"section\" id=\"section_2101056798\">\n\t\t<div class=\"section-bg fill\" >\n\t\t\t\t\t\t\t\t\t\n\t\t\t\n\n\t\t<\/div>\n\n\t\t\n\n\t\t<div class=\"section-content relative\">\n\t\t\t\n\n<div class=\"row\"  id=\"row-1680405153\">\n\n\n\t<div id=\"col-250871934\" class=\"col small-12 large-12\"  >\n\t\t\t\t<div class=\"col-inner\"  >\n\t\t\t\n\t\t\t\n\n<h2>Serveis<\/h2>\n\n\t\t<\/div>\n\t\t\t\t\t<\/div>\n\n\t\n\n<\/div>\n<div class=\"row\"  id=\"row-1389856070\">\n\n\n\t<div id=\"col-455500635\" class=\"col medium-6 small-12 large-6\"  >\n\t\t\t\t<div class=\"col-inner\"  >\n\t\t\t\n\t\t\t\n\n\t<div class=\"box has-hover   has-hover box-shadow-4-hover box-text-bottom\" >\n\n\t\t<div class=\"box-image\" >\n\t\t\t\t\t\t<div class=\"\" >\n\t\t\t\t<img loading=\"lazy\" decoding=\"async\" width=\"542\" height=\"264\" src=\"https:\/\/corpeverest.com\/wp-content\/uploads\/2023\/06\/Masia.png\" class=\"attachment- size-\" alt=\"\" srcset=\"https:\/\/corpeverest.com\/wp-content\/uploads\/2023\/06\/Masia.png 542w, https:\/\/corpeverest.com\/wp-content\/uploads\/2023\/06\/Masia-300x146.png 300w\" sizes=\"auto, (max-width: 542px) 100vw, 542px\" \/>\t\t\t\t\t\t\t\t\t\t\t<\/div>\n\t\t\t\t\t<\/div>\n\n\t\t<div class=\"box-text text-left\" style=\"background-color:rgb(255, 255, 255);padding:40px 40px 40px 40px;\">\n\t\t\t<div class=\"box-text-inner\">\n\t\t\t\t\n\n<h2>Gesti\u00f3 de residus industrials<\/h2>\n<p style=\"text-align: justify;\">A Corporaci\u00f3 Everest estem molt capacitats per donar servei i aportar solucions a tot tipus d'empreses de diferents sectors d'activitat. La nostra experi\u00e8ncia i el nostre extens knowhow i coneixement del sector, ens avalen. <\/p>\n<a href=\"https:\/\/dev.corpeverest.com\/ca\/transport-i-gestio-de-residus\/per-a-empreses\/\" class=\"button secondary\"  >\n\t\t<span>CON\u00c8IXER M\u00c9S<\/span>\n\t<\/a>\n\n\n\n\t\t\t<\/div>\n\t\t<\/div>\n\t<\/div>\n\t\n\n\t\t<\/div>\n\t\t\t\t\t<\/div>\n\n\t\n\n\t<div id=\"col-777902405\" class=\"col medium-6 small-12 large-6\"  >\n\t\t\t\t<div class=\"col-inner\"  >\n\t\t\t\n\t\t\t\n\n\t<div class=\"box has-hover   has-hover box-text-bottom\" >\n\n\t\t<div class=\"box-image\" >\n\t\t\t\t\t\t<div class=\"image-cover\" style=\"padding-top:49%;\">\n\t\t\t\t<img loading=\"lazy\" decoding=\"async\" width=\"2560\" height=\"1707\" src=\"https:\/\/corpeverest.com\/wp-content\/uploads\/2025\/05\/pexels-life-of-pix-2489-scaled-e1749110537650.jpg\" class=\"attachment- size-\" alt=\"\" \/>\t\t\t\t\t\t\t\t\t\t\t<\/div>\n\t\t\t\t\t<\/div>\n\n\t\t<div class=\"box-text text-left\" style=\"background-color:rgb(255, 255, 255);padding:40px 40px 40px 40px;\">\n\t\t\t<div class=\"box-text-inner\">\n\t\t\t\t\n\n<h2>Gesti\u00f3 de residus d\u00b4obra<\/h2>\n<p style=\"text-align: justify;\">Des de la nostra companyia tamb\u00e9 tenim resposta per a la demanda dels particulars. Els serveis es poden contractar directament per a la recollida i posterior tractament de residus diversos.<\/p>\n<a href=\"https:\/\/dev.corpeverest.com\/ca\/transport-i-gestio-de-residus\/per-a-obres\/\" class=\"button secondary\"  >\n\t\t<span>CON\u00c8IXER M\u00c9S<\/span>\n\t<\/a>\n\n\n\n\t\t\t<\/div>\n\t\t<\/div>\n\t<\/div>\n\t\n\n\t\t<\/div>\n\t\t\t\t\t<\/div>\n\n\t\n\n<\/div>\n\n\n\t\t<\/div>\n\n\t\t\n<style>\n#section_2101056798 {\n  padding-top: 30px;\n  padding-bottom: 30px;\n  background-color: rgb(249, 246, 243);\n}\n<\/style>\n\t<\/section>\n\t\n\n\t<section class=\"section\" id=\"section_1277734813\">\n\t\t<div class=\"section-bg fill\" >\n\t\t\t\t\t\t\t\t\t\n\t\t\t\n\n\t\t<\/div>\n\n\t\t\n\n\t\t<div class=\"section-content relative\">\n\t\t\t\n\n\t<div id=\"gap-1092724735\" class=\"gap-element clearfix\" style=\"display:block; height:auto;\">\n\t\t\n<style>\n#gap-1092724735 {\n  padding-top: 30px;\n}\n<\/style>\n\t<\/div>\n\t\n\n<div class=\"row\"  id=\"row-999969591\">\n\n\n\t<div id=\"col-410015513\" class=\"col medium-6 small-12 large-6\"  data-animate=\"fadeInDown\">\n\t\t\t\t<div class=\"col-inner\"  >\n\t\t\t\n\t\t\t\n\n\t<div class=\"img has-hover x md-x lg-x y md-y lg-y\" id=\"image_1392640624\">\n\t\t\t\t\t\t\t\t<div class=\"img-inner dark\" >\n\t\t\t<img loading=\"lazy\" decoding=\"async\" width=\"619\" height=\"456\" src=\"https:\/\/corpeverest.com\/wp-content\/uploads\/2023\/06\/vista-superior-ruta-senderismo-bosque.png\" class=\"attachment-large size-large\" alt=\"\" srcset=\"https:\/\/corpeverest.com\/wp-content\/uploads\/2023\/06\/vista-superior-ruta-senderismo-bosque.png 619w, https:\/\/corpeverest.com\/wp-content\/uploads\/2023\/06\/vista-superior-ruta-senderismo-bosque-300x221.png 300w\" sizes=\"auto, (max-width: 619px) 100vw, 619px\" \/>\t\t\t\t\t\t\n\t\t\t\t\t<\/div>\n\t\t\t\t\t\t\t\t\n<style>\n#image_1392640624 {\n  width: 100%;\n}\n<\/style>\n\t<\/div>\n\t\n\n\n\t\t<\/div>\n\t\t\t\t\t<\/div>\n\n\t\n\n\t<div id=\"col-2113002341\" class=\"col medium-6 small-12 large-6\"  data-animate=\"fadeInDown\">\n\t\t\t\t<div class=\"col-inner\"  >\n\t\t\t\n\t\t\t\n\n<h2>Sostenibilitat<\/h2>\n<div class=\"is-divider divider clearfix\" style=\"max-width:117px;height:13px;background-color:rgb(231, 59, 72);\"><\/div>\n\n\t<div id=\"gap-166617803\" class=\"gap-element clearfix\" style=\"display:block; height:auto;\">\n\t\t\n<style>\n#gap-166617803 {\n  padding-top: 20px;\n}\n<\/style>\n\t<\/div>\n\t\n\n<p style=\"text-align: justify;\">Busquem l&#8217;excel\u00b7l\u00e8ncia de les nostres activitats per minimitzar la petjada de carboni i maximitzar la recuperaci\u00f3 dels materials, per tal de tenir un m\u00ednim impacte mediambiental i arribar a l&#8217;objectiu de residu zero.<\/p>\n<a href=\"https:\/\/corpeverest.com\/ca\/sostenibilitat\/\" class=\"button secondary\"  >\n\t\t<span>SABER-NE M\u00c9S<\/span>\n\t<\/a>\n\n\n\n\t\t<\/div>\n\t\t\t\t\t<\/div>\n\n\t\n\n<\/div>\n\n\t\t<\/div>\n\n\t\t\n<style>\n#section_1277734813 {\n  padding-top: 30px;\n  padding-bottom: 30px;\n}\n<\/style>\n\t<\/section>\n\t\n\n\t<section class=\"section\" id=\"section_581184731\">\n\t\t<div class=\"section-bg fill\" >\n\t\t\t\t\t\t\t\t\t\n\t\t\t\n\n\t\t<\/div>\n\n\t\t\n\n\t\t<div class=\"section-content relative\">\n\t\t\t\n\n<div class=\"row\"  id=\"row-781064377\">\n\n\n\t<div id=\"col-864298241\" class=\"col medium-3 small-6 large-3\"  >\n\t\t\t\t<div class=\"col-inner\"  >\n\t\t\t\n\t\t\t\n\n\t<div class=\"img has-hover x md-x lg-x y md-y lg-y\" id=\"image_942294758\">\n\t\t<a class=\"\" href=\"https:\/\/corpeverest.com\/ca\/transport-i-gestio-de-residus\/per-a-empreses\/\" >\t\t\t\t<div data-animate=\"fadeInLeft\">\t\t<div class=\"img-inner dark\" style=\"margin:6px 0px 0px 0px;\">\n\t\t\t<img loading=\"lazy\" decoding=\"async\" width=\"1020\" height=\"340\" src=\"https:\/\/corpeverest.com\/wp-content\/uploads\/2025\/05\/defFoment-marron-blanco-1024x341.png\" class=\"attachment-large size-large\" alt=\"\" srcset=\"https:\/\/corpeverest.com\/wp-content\/uploads\/2025\/05\/defFoment-marron-blanco-1024x341.png 1024w, https:\/\/corpeverest.com\/wp-content\/uploads\/2025\/05\/defFoment-marron-blanco-300x100.png 300w, https:\/\/corpeverest.com\/wp-content\/uploads\/2025\/05\/defFoment-marron-blanco-768x256.png 768w, https:\/\/corpeverest.com\/wp-content\/uploads\/2025\/05\/defFoment-marron-blanco-1536x512.png 1536w, https:\/\/corpeverest.com\/wp-content\/uploads\/2025\/05\/defFoment-marron-blanco-2048x683.png 2048w\" sizes=\"auto, (max-width: 1020px) 100vw, 1020px\" \/>\t\t\t\t\t\t\n\t\t\t\t\t<\/div>\n\t\t<\/div>\t\t\t\t<\/a>\t\t\n<style>\n#image_942294758 {\n  width: 100%;\n}\n<\/style>\n\t<\/div>\n\t\n\n\n\t\t<\/div>\n\t\t\t\t\n<style>\n#col-864298241 > .col-inner {\n  margin: 0px 0px 0px 0px;\n}\n<\/style>\n\t<\/div>\n\n\t\n\n\t<div id=\"col-292513936\" class=\"col medium-3 small-6 large-3\"  >\n\t\t\t\t<div class=\"col-inner\"  >\n\t\t\t\n\t\t\t\n\n\t<div class=\"img has-hover x md-x lg-x y md-y lg-y\" id=\"image_1205396049\">\n\t\t<a class=\"\" href=\"https:\/\/corpeverest.com\/ca\/transport-i-gestio-de-residus\/per-a-obres\/\" >\t\t\t\t<div data-animate=\"fadeInLeft\">\t\t<div class=\"img-inner dark\" style=\"margin:6px 0px 0px 0px;\">\n\t\t\t<img loading=\"lazy\" decoding=\"async\" width=\"1020\" height=\"340\" src=\"https:\/\/corpeverest.com\/wp-content\/uploads\/2025\/05\/defContainers-rojo-blanco-1024x341.png\" class=\"attachment-large size-large\" alt=\"\" srcset=\"https:\/\/corpeverest.com\/wp-content\/uploads\/2025\/05\/defContainers-rojo-blanco-1024x341.png 1024w, https:\/\/corpeverest.com\/wp-content\/uploads\/2025\/05\/defContainers-rojo-blanco-300x100.png 300w, https:\/\/corpeverest.com\/wp-content\/uploads\/2025\/05\/defContainers-rojo-blanco-768x256.png 768w, https:\/\/corpeverest.com\/wp-content\/uploads\/2025\/05\/defContainers-rojo-blanco-1536x512.png 1536w, https:\/\/corpeverest.com\/wp-content\/uploads\/2025\/05\/defContainers-rojo-blanco-2048x683.png 2048w\" sizes=\"auto, (max-width: 1020px) 100vw, 1020px\" \/>\t\t\t\t\t\t\n\t\t\t\t\t<\/div>\n\t\t<\/div>\t\t\t\t<\/a>\t\t\n<style>\n#image_1205396049 {\n  width: 100%;\n}\n<\/style>\n\t<\/div>\n\t\n\n\n\t\t<\/div>\n\t\t\t\t\n<style>\n#col-292513936 > .col-inner {\n  margin: 0px 0px 0px 0px;\n}\n<\/style>\n\t<\/div>\n\n\t\n\n\t<div id=\"col-763754773\" class=\"col medium-3 small-6 large-3\"  >\n\t\t\t\t<div class=\"col-inner\"  >\n\t\t\t\n\t\t\t\n\n\t<div class=\"img has-hover x md-x lg-x y md-y lg-y\" id=\"image_57415367\">\n\t\t<a class=\"\" href=\"https:\/\/corpeverest.com\/ca\/tractament-de-residus\/\" >\t\t\t\t<div data-animate=\"fadeInLeft\">\t\t<div class=\"img-inner dark\" style=\"margin:-20px 0px 0px 0px;\">\n\t\t\t<img loading=\"lazy\" decoding=\"async\" width=\"1020\" height=\"574\" src=\"https:\/\/corpeverest.com\/wp-content\/uploads\/2025\/05\/Guia-de-uso-de-marca-Corporacion-Everest-.pdf-1024x576.png\" class=\"attachment-large size-large\" alt=\"\" srcset=\"https:\/\/corpeverest.com\/wp-content\/uploads\/2025\/05\/Guia-de-uso-de-marca-Corporacion-Everest-.pdf-1024x576.png 1024w, https:\/\/corpeverest.com\/wp-content\/uploads\/2025\/05\/Guia-de-uso-de-marca-Corporacion-Everest-.pdf-300x169.png 300w, https:\/\/corpeverest.com\/wp-content\/uploads\/2025\/05\/Guia-de-uso-de-marca-Corporacion-Everest-.pdf-768x432.png 768w, https:\/\/corpeverest.com\/wp-content\/uploads\/2025\/05\/Guia-de-uso-de-marca-Corporacion-Everest-.pdf-1536x864.png 1536w, https:\/\/corpeverest.com\/wp-content\/uploads\/2025\/05\/Guia-de-uso-de-marca-Corporacion-Everest-.pdf.png 1920w\" sizes=\"auto, (max-width: 1020px) 100vw, 1020px\" \/>\t\t\t\t\t\t\n\t\t\t\t\t<\/div>\n\t\t<\/div>\t\t\t\t<\/a>\t\t\n<style>\n#image_57415367 {\n  width: 100%;\n}\n<\/style>\n\t<\/div>\n\t\n\n\n\t\t<\/div>\n\t\t\t\t\t<\/div>\n\n\t\n\n\t<div id=\"col-1620764749\" class=\"col medium-3 small-6 large-3\"  >\n\t\t\t\t<div class=\"col-inner\"  >\n\t\t\t\n\t\t\t\n\n\t<div class=\"img has-hover hidden x md-x lg-x y md-y lg-y\" id=\"image_222653163\">\n\t\t\t\t\t\t<div data-animate=\"fadeInLeft\">\t\t<div class=\"img-inner dark\" >\n\t\t\t<img loading=\"lazy\" decoding=\"async\" width=\"260\" height=\"126\" src=\"https:\/\/corpeverest.com\/wp-content\/uploads\/2023\/06\/Pirsa.png\" class=\"attachment-large size-large\" alt=\"\" \/>\t\t\t\t\t\t\n\t\t\t\t\t<\/div>\n\t\t<\/div>\t\t\t\t\t\t\n<style>\n#image_222653163 {\n  width: 100%;\n}\n<\/style>\n\t<\/div>\n\t\n\n\n\t\t<\/div>\n\t\t\t\t\t<\/div>\n\n\t\n\n<\/div>\n\n\t\t<\/div>\n\n\t\t\n<style>\n#section_581184731 {\n  padding-top: 30px;\n  padding-bottom: 30px;\n}\n<\/style>\n\t<\/section>\n\t\n\n","protected":false},"excerpt":{"rendered":"","protected":false},"author":2,"featured_media":0,"parent":0,"menu_order":1,"comment_status":"closed","ping_status":"closed","template":"page-single-page-nav-transparent.php","meta":{"_acf_changed":false,"footnotes":""},"class_list":["post-1078","page","type-page","status-publish","hentry"],"acf":[],"yoast_head":"<!-- This site is optimized with the Yoast SEO plugin v27.0 - https:\/\/yoast.com\/product\/yoast-seo-wordpress\/ -->\n<title>Inici - Corporaci\u00f3n Everest<\/title>\n<meta name=\"description\" content=\"Empresa de gesti\u00f3 integral de residus compromesa amb els seus stakeholders en el tractament responsable i ecol\u00f2gic de residus.\" \/>\n<meta name=\"robots\" content=\"index, follow, max-snippet:-1, max-image-preview:large, max-video-preview:-1\" \/>\n<link rel=\"canonical\" href=\"https:\/\/corpeverest.com\/ca\/\" \/>\n<meta property=\"og:locale\" content=\"ca_ES\" \/>\n<meta property=\"og:type\" content=\"article\" \/>\n<meta property=\"og:title\" content=\"Inici - Corporaci\u00f3n Everest\" \/>\n<meta property=\"og:description\" content=\"Empresa de gesti\u00f3 integral de residus compromesa amb els seus stakeholders en el tractament responsable i ecol\u00f2gic de residus.\" \/>\n<meta property=\"og:url\" content=\"https:\/\/corpeverest.com\/ca\/\" \/>\n<meta property=\"og:site_name\" content=\"Corporaci\u00f3n Everest\" \/>\n<meta property=\"article:modified_time\" content=\"2025-07-17T22:12:48+00:00\" \/>\n<meta name=\"twitter:card\" content=\"summary_large_image\" \/>\n<meta name=\"twitter:label1\" content=\"Temps estimat de lectura\" \/>\n\t<meta name=\"twitter:data1\" content=\"2 minuts\" \/>\n<script type=\"application\/ld+json\" class=\"yoast-schema-graph\">{\"@context\":\"https:\/\/schema.org\",\"@graph\":[{\"@type\":\"WebPage\",\"@id\":\"https:\/\/corpeverest.com\/ca\/\",\"url\":\"https:\/\/corpeverest.com\/ca\/\",\"name\":\"Inici - Corporaci\u00f3n Everest\",\"isPartOf\":{\"@id\":\"https:\/\/corpeverest.com\/ca\/#website\"},\"datePublished\":\"2023-06-08T20:42:35+00:00\",\"dateModified\":\"2025-07-17T22:12:48+00:00\",\"description\":\"Empresa de gesti\u00f3 integral de residus compromesa amb els seus stakeholders en el tractament responsable i ecol\u00f2gic de residus.\",\"breadcrumb\":{\"@id\":\"https:\/\/corpeverest.com\/ca\/#breadcrumb\"},\"inLanguage\":\"ca\",\"potentialAction\":[{\"@type\":\"ReadAction\",\"target\":[\"https:\/\/corpeverest.com\/ca\/\"]}]},{\"@type\":\"BreadcrumbList\",\"@id\":\"https:\/\/corpeverest.com\/ca\/#breadcrumb\",\"itemListElement\":[{\"@type\":\"ListItem\",\"position\":1,\"name\":\"Inicio\",\"item\":\"https:\/\/corpeverest.com\/ca\/\"},{\"@type\":\"ListItem\",\"position\":2,\"name\":\"Inici\"}]},{\"@type\":\"WebSite\",\"@id\":\"https:\/\/corpeverest.com\/ca\/#website\",\"url\":\"https:\/\/corpeverest.com\/ca\/\",\"name\":\"Corporaci\u00f3n Everest\",\"description\":\"\",\"publisher\":{\"@id\":\"https:\/\/corpeverest.com\/ca\/#organization\"},\"potentialAction\":[{\"@type\":\"SearchAction\",\"target\":{\"@type\":\"EntryPoint\",\"urlTemplate\":\"https:\/\/corpeverest.com\/ca\/?s={search_term_string}\"},\"query-input\":{\"@type\":\"PropertyValueSpecification\",\"valueRequired\":true,\"valueName\":\"search_term_string\"}}],\"inLanguage\":\"ca\"},{\"@type\":\"Organization\",\"@id\":\"https:\/\/corpeverest.com\/ca\/#organization\",\"name\":\"Corporaci\u00f3n Everest\",\"url\":\"https:\/\/corpeverest.com\/ca\/\",\"logo\":{\"@type\":\"ImageObject\",\"inLanguage\":\"ca\",\"@id\":\"https:\/\/corpeverest.com\/ca\/#\/schema\/logo\/image\/\",\"url\":\"https:\/\/corpeverest.com\/wp-content\/uploads\/2025\/06\/Logo-Corp.-Everest-8-e1750092926475.png\",\"contentUrl\":\"https:\/\/corpeverest.com\/wp-content\/uploads\/2025\/06\/Logo-Corp.-Everest-8-e1750092926475.png\",\"width\":500,\"height\":180,\"caption\":\"Corporaci\u00f3n Everest\"},\"image\":{\"@id\":\"https:\/\/corpeverest.com\/ca\/#\/schema\/logo\/image\/\"}}]}<\/script>\n<!-- \/ Yoast SEO plugin. -->","yoast_head_json":{"title":"Inici - Corporaci\u00f3n Everest","description":"Empresa de gesti\u00f3 integral de residus compromesa amb els seus stakeholders en el tractament responsable i ecol\u00f2gic de residus.","robots":{"index":"index","follow":"follow","max-snippet":"max-snippet:-1","max-image-preview":"max-image-preview:large","max-video-preview":"max-video-preview:-1"},"canonical":"https:\/\/corpeverest.com\/ca\/","og_locale":"ca_ES","og_type":"article","og_title":"Inici - Corporaci\u00f3n Everest","og_description":"Empresa de gesti\u00f3 integral de residus compromesa amb els seus stakeholders en el tractament responsable i ecol\u00f2gic de residus.","og_url":"https:\/\/corpeverest.com\/ca\/","og_site_name":"Corporaci\u00f3n Everest","article_modified_time":"2025-07-17T22:12:48+00:00","twitter_card":"summary_large_image","twitter_misc":{"Temps estimat de lectura":"2 minuts"},"schema":{"@context":"https:\/\/schema.org","@graph":[{"@type":"WebPage","@id":"https:\/\/corpeverest.com\/ca\/","url":"https:\/\/corpeverest.com\/ca\/","name":"Inici - Corporaci\u00f3n Everest","isPartOf":{"@id":"https:\/\/corpeverest.com\/ca\/#website"},"datePublished":"2023-06-08T20:42:35+00:00","dateModified":"2025-07-17T22:12:48+00:00","description":"Empresa de gesti\u00f3 integral de residus compromesa amb els seus stakeholders en el tractament responsable i ecol\u00f2gic de residus.","breadcrumb":{"@id":"https:\/\/corpeverest.com\/ca\/#breadcrumb"},"inLanguage":"ca","potentialAction":[{"@type":"ReadAction","target":["https:\/\/corpeverest.com\/ca\/"]}]},{"@type":"BreadcrumbList","@id":"https:\/\/corpeverest.com\/ca\/#breadcrumb","itemListElement":[{"@type":"ListItem","position":1,"name":"Inicio","item":"https:\/\/corpeverest.com\/ca\/"},{"@type":"ListItem","position":2,"name":"Inici"}]},{"@type":"WebSite","@id":"https:\/\/corpeverest.com\/ca\/#website","url":"https:\/\/corpeverest.com\/ca\/","name":"Corporaci\u00f3n Everest","description":"","publisher":{"@id":"https:\/\/corpeverest.com\/ca\/#organization"},"potentialAction":[{"@type":"SearchAction","target":{"@type":"EntryPoint","urlTemplate":"https:\/\/corpeverest.com\/ca\/?s={search_term_string}"},"query-input":{"@type":"PropertyValueSpecification","valueRequired":true,"valueName":"search_term_string"}}],"inLanguage":"ca"},{"@type":"Organization","@id":"https:\/\/corpeverest.com\/ca\/#organization","name":"Corporaci\u00f3n Everest","url":"https:\/\/corpeverest.com\/ca\/","logo":{"@type":"ImageObject","inLanguage":"ca","@id":"https:\/\/corpeverest.com\/ca\/#\/schema\/logo\/image\/","url":"https:\/\/corpeverest.com\/wp-content\/uploads\/2025\/06\/Logo-Corp.-Everest-8-e1750092926475.png","contentUrl":"https:\/\/corpeverest.com\/wp-content\/uploads\/2025\/06\/Logo-Corp.-Everest-8-e1750092926475.png","width":500,"height":180,"caption":"Corporaci\u00f3n Everest"},"image":{"@id":"https:\/\/corpeverest.com\/ca\/#\/schema\/logo\/image\/"}}]}},"_links":{"self":[{"href":"https:\/\/corpeverest.com\/ca\/wp-json\/wp\/v2\/pages\/1078","targetHints":{"allow":["GET"]}}],"collection":[{"href":"https:\/\/corpeverest.com\/ca\/wp-json\/wp\/v2\/pages"}],"about":[{"href":"https:\/\/corpeverest.com\/ca\/wp-json\/wp\/v2\/types\/page"}],"author":[{"embeddable":true,"href":"https:\/\/corpeverest.com\/ca\/wp-json\/wp\/v2\/users\/2"}],"replies":[{"embeddable":true,"href":"https:\/\/corpeverest.com\/ca\/wp-json\/wp\/v2\/comments?post=1078"}],"version-history":[{"count":36,"href":"https:\/\/corpeverest.com\/ca\/wp-json\/wp\/v2\/pages\/1078\/revisions"}],"predecessor-version":[{"id":2341,"href":"https:\/\/corpeverest.com\/ca\/wp-json\/wp\/v2\/pages\/1078\/revisions\/2341"}],"wp:attachment":[{"href":"https:\/\/corpeverest.com\/ca\/wp-json\/wp\/v2\/media?parent=1078"}],"curies":[{"name":"wp","href":"https:\/\/api.w.org\/{rel}","templated":true}]}}