{"id":1067,"date":"2023-06-09T11:06:50","date_gmt":"2023-06-09T09:06:50","guid":{"rendered":"https:\/\/www.corpeverest.com\/politica-de-galetes\/"},"modified":"2025-07-16T15:41:16","modified_gmt":"2025-07-16T13:41:16","slug":"politica-de-galetes","status":"publish","type":"page","link":"https:\/\/corpeverest.com\/ca\/politica-de-galetes\/","title":{"rendered":"Pol\u00edtica de cookies"},"content":{"rendered":"\n\n  <div class=\"banner has-hover has-video\" id=\"banner-802762068\">\n          <div class=\"banner-inner fill\">\n        <div class=\"banner-bg fill\" >\n                        \t<div class=\"video-overlay no-click fill hide-for-medium\"><\/div>\n\t<video class=\"video-bg fill hide-for-medium\" preload playsinline autoplay muted loop>\n\t\t<source src=\"https:\/\/dev.corpeverest.com\/wp-content\/uploads\/2023\/06\/paginas-legales.mp4\" type=\"video\/mp4\">\t<\/video>\n            <div class=\"overlay\"><\/div>            \n                    <\/div>\n\t\t\n        <div class=\"banner-layers container\">\n            <div class=\"fill banner-link\"><\/div>            \n\n   <div id=\"text-box-1180459794\" class=\"text-box banner-layer x100 md-x100 lg-x100 y50 md-y50 lg-y50 res-text\">\n                                <div class=\"text-box-content text dark\">\n              \n              <div class=\"text-inner text-right\">\n                  \n\n<h1><strong>Pol\u00edtica de cookies<\/strong><\/h1>\n<div class=\"is-divider divider clearfix\" style=\"max-width:117px;height:13px;background-color:rgb(231, 59, 72);\"><\/div>\n\n\n              <\/div>\n           <\/div>\n                            \n<style>\n#text-box-1180459794 {\n  width: 60%;\n}\n#text-box-1180459794 .text-box-content {\n  font-size: 100%;\n}\n@media (min-width:550px) {\n  #text-box-1180459794 {\n    width: 100%;\n  }\n}\n<\/style>\n    <\/div>\n \n\n        <\/div>\n      <\/div>\n\n            \n<style>\n#banner-802762068 {\n  padding-top: 400px;\n}\n#banner-802762068 .overlay {\n  background-color: rgba(0, 0, 0, 0.2);\n}\n<\/style>\n  <\/div>\n\n\n<div class=\"row\"  id=\"row-1410954149\">\n\n\n\t<div id=\"col-677546481\" class=\"col small-12 large-12\"  >\n\t\t\t\t<div class=\"col-inner\"  >\n\t\t\t\n\t\t\t\n\n<h3>POL\u00cdTICA DE COOKIES I EMMAGATZEMATGE LOCAL<\/h3>\n<p>Navegar per aquesta web amb les galetes i mecanismes d&#8217;emmagatzematge local activats comporta de manera<br> imprescindible acceptar-ne l&#8217;\u00fas d&#8217;acord amb aquesta pol\u00edtica. En cas de no acceptar, \u00e9s possible<br> configurar el navegador per impedir-ne l&#8217;\u00fas. <\/p>\n<p>Les galetes i l&#8217;emmagatzematge local formen part de la tecnologia necess\u00e0ria per al funcionament d&#8217;una web i no<br> s\u00f3n inherentment perjudicials, per\u00f2 \u00e9s important que conegui les implicacions que comporten per a la seva privadesa.<\/p>\n<p>Aquesta pol\u00edtica forma part de la nostra pol\u00edtica de privadesa i inclou el seg\u00fcent:<\/p>\n<ul>\n<li>Qu\u00e8 s\u00f3n les galetes?<\/li>\n<li>Per qu\u00e8 es fan servir les galetes?<\/li>\n<li>Qu\u00e8 \u00e9s lemmagatzematge local?<\/li>\n<li>Qu\u00e8 s\u00f3n les galetes de tercers?<\/li>\n<li>Com impedir l&#8217;\u00fas de galetes i com esborrar les galetes?<\/li>\n<\/ul>\n<h3>QU\u00c8 S\u00d3N LES COOKIES?<\/h3>\n<p>Les \u201ccookies\u201d s\u00f3n petits fitxers temporals que es creen al dispositiu de l&#8217;usuari (ordinador, tel\u00e8fon,<br> tauleta, etc.) quan visita una web, i que permeten a la mateixa emmagatzemar informaci\u00f3, per exemple, per guardar els seus<br> prefer\u00e8ncies d&#8217;\u00fas o per recon\u00e8ixer-lo en visites posteriors.<\/p>\n<p>Quan una web crea una galeta al dispositiu de l&#8217;usuari, s&#8217;emmagatzema el seg\u00fcent:<\/p>\n<ul>\n<li>L&#8217;adre\u00e7a\/domini de la web que ha creat la galeta;<\/li>\n<li>La durada de la galeta, que pot anar de pocs minuts a diversos anys;<\/li>\n<li>El contingut de la galeta.<\/li>\n<\/ul>\n<p>L&#8217;usuari pot en tot moment configurar el vostre programa de navegaci\u00f3 per impedir (bloquejar) l&#8217;\u00fas de cookies per<br> part de determinades webs, aix\u00ed com esborrar les cookies emmagatzemades pr\u00e8viament.<\/p>\n<h3>PER QU\u00c8 S&#8217;USEN LES COOKIES?<\/h3>\n<ul>\n<li>Galetes t\u00e8cniques essencials. S&#8217;utilitzen per gestionar el flux de navegaci\u00f3 dins de la web o per mantenir<br> a l&#8217;usuari connectat a aquesta. En deshabilitar-les, \u00e9s possible que algun apartat de la web no funcioni<br> correctament.  <\/li>\n<li>Galetes de personalitzaci\u00f3. Necess\u00e0ries per recordar determinades prefer\u00e8ncies de lusuari. <\/li>\n<li>Galetes anal\u00edtiques. Ens ajuden a nosaltres ia tercers a recopilar informaci\u00f3 de la proced\u00e8ncia dels usuaris<br> i la seva navegaci\u00f3 dins del web, a l&#8217;efecte de fer una an\u00e0lisi estad\u00edstica per poder millorar l&#8217;estructura<br> i els continguts. <\/li>\n<li>Galetes publicit\u00e0ries. Utilitzades per gestionar els anuncis que apareixen a la web, decidir el contingut o la<br> freq\u00fc\u00e8ncia dels anuncis. <\/li>\n<li>Galetes publicit\u00e0ries comportamentals. Ajuden a recopilar els h\u00e0bits de navegaci\u00f3 de l&#8217;usuari per crear un<br> perfil dels seus interessos i per mostrar anuncis adaptats als mateixos. <\/li>\n<li>Cookies per a compartici\u00f3 social. S\u00f3n necess\u00e0ries per identificar l&#8217;usuari a les seves xarxes socials i aix\u00ed.<br> permetre compartir continguts. <\/li>\n<\/ul>\n<h3>QU\u00c8 \u00c9S L&#8217;EMMAGATZEMATGE LOCAL?<\/h3>\n<p>Per emmagatzematge local entenem qualsevol fitxer creat per la web al teu dispositiu de navegaci\u00f3.<br> s\u00f3n una forma d&#8217;emmagatzematge local, per\u00f2 n&#8217;hi ha d&#8217;altres, per exemple: <\/p>\n<ul>\n<li>L&#8217;emmagatzematge local del navegador Algunes webs utilitzen emmagatzematges locals anomenats \u201csessionStorage\u201d i<br> \u201clocalStorage\u201d per desar informaci\u00f3; \u201csessionStorage\u201d s&#8217;esborra autom\u00e0ticament quan es tanca el programa<br> navegador; en canvi per esborrar el localStorage l&#8217;usuari ha d&#8217;esborrar l&#8217;historial de navegaci\u00f3. <\/li>\n<li>L&#8217;emmagatzematge local de Flash (\u201cFlash Local Shared Objects\u201d). Flash \u00e9s un complement del navegador que<br> permet incorporar elements interactius i multim\u00e8dia a una web. Flash tamb\u00e9 permet a la web visitada<br> emmagatzemar fitxers al dispositiu de l&#8217;usuari.  <\/li>\n<li>L&#8217;emmagatzematge local de Silverlight (Isolated Objects). Silverlight \u00e9s un complement del navegador que<br> permet incorporar elements interactius i multim\u00e8dia a una web. Silverlight tamb\u00e9 permet a la web visitada<br> emmagatzemar fitxers al dispositiu de l&#8217;usuari.  <\/li>\n<li>El web beacon \u00e9s una t\u00e8cnica de rastreig que consisteix a inserir a la web o en un correu electr\u00f2nic una imatge<br> allotjada en un servidor d&#8217;Internet de manera que, quan el navegador o programa de correu es connecta a aquest<br> servidor per descarregar i visualitzar la imatge, es registri lacc\u00e9s. De vegades aquestes imatges s\u00f3n molt petites o<br> transparents de manera que l&#8217;usuari no s&#8217;adoni de la seva exist\u00e8ncia. <\/li>\n<\/ul>\n<h3>QU\u00c8 S\u00d3N LES COOKIES DE TERCERS?<\/h3>\n<p>Molts webs incorporen funcions o caracter\u00edstiques proporcionades per tercers, com ara:<\/p>\n<ul>\n<li>Anal\u00edtiques dacc\u00e9s i \u00fas de les p\u00e0gines.<\/li>\n<li>Mapes interactius.<\/li>\n<li>V\u00eddeos i altres elements multim\u00e8dia.<\/li>\n<li>Botons socials.<\/li>\n<\/ul>\n<p>El prove\u00efdor d&#8217;una funci\u00f3 o caracter\u00edstica pot fer \u00fas de galetes i altres tecnologies d&#8217;emmagatzematge local<br> sobre la base dels seus propis criteris i finalitats. Alguns prove\u00efdors utilitzen galetes i altres tecnologies de rastreig<br> per recopilar informaci\u00f3 sobre els h\u00e0bits de navegaci\u00f3 de l&#8217;usuari amb l&#8217;objectiu de mostrar publicitat<br> adaptada als interessos. <\/p>\n<p>Navegar per aquesta web amb les cookies i emmagatzematge local activats comporta necess\u00e0riament l&#8217;acceptaci\u00f3 de les<br> pol\u00edtiques de privadesa establertes pels prove\u00efdors de les seg\u00fcents funcions o caracter\u00edstiques:<\/p>\n<table>\n<tbody>\n<tr>\n<th>Funci\u00f3 o caracter\u00edstica<\/th>\n <th>Tercer prove\u00efdor de la funci\u00f3 o caracter\u00edstica<\/th>\n <th>Pol\u00edtica de privadesa del tercer prove\u00efdor<\/th>\n<\/tr>\n<tr>\n<td>Google analytics<\/td>\n <td>Google, Inc<\/td>\n <td>http:\/\/www.google.es\/intl\/es\/analytics\/privacyoverview.html<\/td>\n<\/tr>\n<tr>\n<td>Google Maps, Youtube<\/td>\n <td>Google, Inc<\/td>\n <td>http:\/\/www.google.com\/intl\/es_es\/policies\/privacy\/<\/td>\n<\/tr>\n<\/tbody>\n<\/table>\n<h3>\u00bf COM IMPEDIR L&#8217;\u00daS DE COOKIES I COM ESBORRAR LES COOKIES?<\/h3>\n<p>La majoria de navegadors permeten desactivar globalment les galetes. Molts navegadors tamb\u00e9 permeten esborrar les<br> cookies associades a webs\/dominis concrets. Per fer-ho, l&#8217;usuari ha de consultar l&#8217;ajuda del navegador.  <\/p>\n<p>A continuaci\u00f3, s&#8217;hi inclouen enlla\u00e7os a les p\u00e0gines d&#8217;ajuda dels navegadors m\u00e9s habituals per con\u00e8ixer la<br> configuraci\u00f3 de cookies a cadascun:<\/p>\n<ul>\n<li>Chrome<\/li>\n<li>Internet Explorer<\/li>\n<li>Firefox<\/li>\n<li>Safari<\/li>\n<li>Safari for IOS<\/li>\n<li>Opera<\/li>\n<\/ul>\n<p>Part de la informaci\u00f3 es pot desar a l&#8217;emmagatzematge local del navegador oa l&#8217;emmagatzematge de Flash.<\/p>\n<p>Per esborrar les dades desades a l&#8217;emmagatzematge local del navegador, l&#8217;usuari ha d&#8217;esborrar l&#8217;historial de<br> navegaci\u00f3.<\/p>\n<p>Per saber com esborrar l&#8217;emmagatzematge local de Flash o per limitar la quantitat d&#8217;espai perm\u00e8s, consulteu<br> les p\u00e0gines d&#8217;Ajuda d&#8217;Adobe:<\/p>\n<p>Per bloquejar l&#8217;\u00fas de Google Analytics i les vostres galetes:<\/p>\n<p>Complement d&#8217;inhabilitaci\u00f3 per a navegadors de Google Analytics es pot descarregar a<br> https:\/\/tools.google.com\/dlpage\/gaoptout?hl=ca<\/p>\n<p>Per a altres navegadors, aix\u00ed com per a qualsevol aclariment o pregunta sobre les cookies d&#8217;aquesta web, podeu<br> contactar-nos per correu electr\u00f2nic, escrivint a info@corpeveres.com<\/p>\n<p>Av\u00eds important: en cas de bloquejar les cookies \u00e9s possible que determinats serveis o funcionalitats de la web<br> no funcionin correctament.<\/p>\n<p>Amb l&#8217;objectiu d&#8217;ajudar els usuaris a esborrar o bloquejar les galetes, s&#8217;inclou una llista dels dominis i<br> galetes que s&#8217;activen en navegar aquesta web. La majoria dels navegadors permeten bloquejar o esborrar les cookies<br> creades per dominis espec\u00edfics. <\/p>\n<table>\n<tbody>\n<tr>\n<th>Funci\u00f3 o caracter\u00edstica i qui la proporciona<\/th>\n <th>Cookies<\/th>\n <th>Domini<\/th>\n <th>Persist\u00e8ncia<\/th>\n <th>Finalitat<\/th>\n<\/tr>\n<tr>\n<td>Elecci\u00f3 idioma<\/td>\n <td>_icl_current_language<\/td>\n <td>www.corpeverest.com<\/td>\n <td>1 dia<\/td>\n <td>Personalitzaci\u00f3<\/td>\n<\/tr>\n<tr>\n<td>Visualitzaci\u00f3 pol\u00edtica de cookies<\/td>\n <td>viewed_cookie_policy<\/td>\n <td>www.corpeverest.com www.corpeverest.com<\/td>\n <td>Un any<\/td>\n <td>Personalitzaci\u00f3<\/td>\n<\/tr>\n<tr>\n<td>Google Analytics (Google, Inc.)<\/td>\n <td>Galetes temporals i persistents (__utma, __utmb, __utmc, __utmz, __utmv, _ ga)<\/td>\n <td>www.corpeverest.com www.corpeverest.com<\/td>\n <td>Anys<\/td>\n <td>Anal\u00edtiques web Transfer\u00e8ncia de dades fora de la UE<\/td>\n<\/tr>\n<tr>\n<td>Funcions de Google (Google Maps, Youtube, +1, Google Remarketing, Google Translate, etc)<\/td>\n<td>Galetes temporals i persistents (VISITOR_INFO1_LIVE, PREF, YSC, etc). Emmagatzematge local del navegador. Emmagatzematge local de Flash  <\/td>\n<td>googleusercontent.com, google.es, google.com, doubleclick.net, www.google.com invitemedia.com, admeld.com, googlesyndication.com, googleadservices.com, youtube.com, youtube.es, ytimg.com, etc<\/td>\n<td>Anys<\/td>\n<td>Rastreig Publicitat Localitzaci\u00f3 Compartici\u00f3 en xarxes socials Transfer\u00e8ncia de dades fora de la UE<\/td>\n<\/tr>\n<\/tbody>\n<\/table>\n<p>NOTA: la informaci\u00f3 oferta \u00e9s a data JUNY 2023 i us informem que amb el pas del temps pot no resultar exhaustiva, tot i que peri\u00f2dicament aquesta pol\u00edtica de cookies \u00e9s revisada.<\/p>\n\n\t\t<\/div>\n\t\t\t\t\t<\/div>\n\n\t\n\n<\/div>\n\n","protected":false},"excerpt":{"rendered":"","protected":false},"author":2,"featured_media":0,"parent":0,"menu_order":100,"comment_status":"closed","ping_status":"closed","template":"page-single-page-nav-transparent.php","meta":{"_acf_changed":false,"footnotes":""},"class_list":["post-1067","page","type-page","status-publish","hentry"],"acf":[],"yoast_head":"<!-- This site is optimized with the Yoast SEO plugin v27.0 - https:\/\/yoast.com\/product\/yoast-seo-wordpress\/ -->\n<title>Pol\u00edtica de cookies - Corporaci\u00f3n Everest<\/title>\n<meta name=\"description\" content=\"Les galetes i l&#039;emmagatzematge local formen part de la tecnologia necess\u00e0ria per al funcionament d&#039;un web.\" \/>\n<meta name=\"robots\" content=\"index, follow, max-snippet:-1, max-image-preview:large, max-video-preview:-1\" \/>\n<link rel=\"canonical\" href=\"https:\/\/corpeverest.com\/ca\/politica-de-galetes\/\" \/>\n<meta property=\"og:locale\" content=\"ca_ES\" \/>\n<meta property=\"og:type\" content=\"article\" \/>\n<meta property=\"og:title\" content=\"Pol\u00edtica de cookies - Corporaci\u00f3n Everest\" \/>\n<meta property=\"og:description\" content=\"Les galetes i l&#039;emmagatzematge local formen part de la tecnologia necess\u00e0ria per al funcionament d&#039;un web.\" \/>\n<meta property=\"og:url\" content=\"https:\/\/corpeverest.com\/ca\/politica-de-galetes\/\" \/>\n<meta property=\"og:site_name\" content=\"Corporaci\u00f3n Everest\" \/>\n<meta property=\"article:modified_time\" content=\"2025-07-16T13:41:16+00:00\" \/>\n<meta name=\"twitter:card\" content=\"summary_large_image\" \/>\n<meta name=\"twitter:label1\" content=\"Temps estimat de lectura\" \/>\n\t<meta name=\"twitter:data1\" content=\"6 minuts\" \/>\n<script type=\"application\/ld+json\" class=\"yoast-schema-graph\">{\"@context\":\"https:\/\/schema.org\",\"@graph\":[{\"@type\":\"WebPage\",\"@id\":\"https:\/\/corpeverest.com\/ca\/politica-de-galetes\/\",\"url\":\"https:\/\/corpeverest.com\/ca\/politica-de-galetes\/\",\"name\":\"Pol\u00edtica de cookies - Corporaci\u00f3n Everest\",\"isPartOf\":{\"@id\":\"https:\/\/corpeverest.com\/ca\/#website\"},\"datePublished\":\"2023-06-09T09:06:50+00:00\",\"dateModified\":\"2025-07-16T13:41:16+00:00\",\"description\":\"Les galetes i l'emmagatzematge local formen part de la tecnologia necess\u00e0ria per al funcionament d'un web.\",\"breadcrumb\":{\"@id\":\"https:\/\/corpeverest.com\/ca\/politica-de-galetes\/#breadcrumb\"},\"inLanguage\":\"ca\",\"potentialAction\":[{\"@type\":\"ReadAction\",\"target\":[\"https:\/\/corpeverest.com\/ca\/politica-de-galetes\/\"]}]},{\"@type\":\"BreadcrumbList\",\"@id\":\"https:\/\/corpeverest.com\/ca\/politica-de-galetes\/#breadcrumb\",\"itemListElement\":[{\"@type\":\"ListItem\",\"position\":1,\"name\":\"Inicio\",\"item\":\"https:\/\/corpeverest.com\/ca\/\"},{\"@type\":\"ListItem\",\"position\":2,\"name\":\"Pol\u00edtica de cookies\"}]},{\"@type\":\"WebSite\",\"@id\":\"https:\/\/corpeverest.com\/ca\/#website\",\"url\":\"https:\/\/corpeverest.com\/ca\/\",\"name\":\"Corporaci\u00f3n Everest\",\"description\":\"\",\"publisher\":{\"@id\":\"https:\/\/corpeverest.com\/ca\/#organization\"},\"potentialAction\":[{\"@type\":\"SearchAction\",\"target\":{\"@type\":\"EntryPoint\",\"urlTemplate\":\"https:\/\/corpeverest.com\/ca\/?s={search_term_string}\"},\"query-input\":{\"@type\":\"PropertyValueSpecification\",\"valueRequired\":true,\"valueName\":\"search_term_string\"}}],\"inLanguage\":\"ca\"},{\"@type\":\"Organization\",\"@id\":\"https:\/\/corpeverest.com\/ca\/#organization\",\"name\":\"Corporaci\u00f3n Everest\",\"url\":\"https:\/\/corpeverest.com\/ca\/\",\"logo\":{\"@type\":\"ImageObject\",\"inLanguage\":\"ca\",\"@id\":\"https:\/\/corpeverest.com\/ca\/#\/schema\/logo\/image\/\",\"url\":\"https:\/\/corpeverest.com\/wp-content\/uploads\/2025\/06\/Logo-Corp.-Everest-8-e1750092926475.png\",\"contentUrl\":\"https:\/\/corpeverest.com\/wp-content\/uploads\/2025\/06\/Logo-Corp.-Everest-8-e1750092926475.png\",\"width\":500,\"height\":180,\"caption\":\"Corporaci\u00f3n Everest\"},\"image\":{\"@id\":\"https:\/\/corpeverest.com\/ca\/#\/schema\/logo\/image\/\"}}]}<\/script>\n<!-- \/ Yoast SEO plugin. -->","yoast_head_json":{"title":"Pol\u00edtica de cookies - Corporaci\u00f3n Everest","description":"Les galetes i l'emmagatzematge local formen part de la tecnologia necess\u00e0ria per al funcionament d'un web.","robots":{"index":"index","follow":"follow","max-snippet":"max-snippet:-1","max-image-preview":"max-image-preview:large","max-video-preview":"max-video-preview:-1"},"canonical":"https:\/\/corpeverest.com\/ca\/politica-de-galetes\/","og_locale":"ca_ES","og_type":"article","og_title":"Pol\u00edtica de cookies - Corporaci\u00f3n Everest","og_description":"Les galetes i l'emmagatzematge local formen part de la tecnologia necess\u00e0ria per al funcionament d'un web.","og_url":"https:\/\/corpeverest.com\/ca\/politica-de-galetes\/","og_site_name":"Corporaci\u00f3n Everest","article_modified_time":"2025-07-16T13:41:16+00:00","twitter_card":"summary_large_image","twitter_misc":{"Temps estimat de lectura":"6 minuts"},"schema":{"@context":"https:\/\/schema.org","@graph":[{"@type":"WebPage","@id":"https:\/\/corpeverest.com\/ca\/politica-de-galetes\/","url":"https:\/\/corpeverest.com\/ca\/politica-de-galetes\/","name":"Pol\u00edtica de cookies - Corporaci\u00f3n Everest","isPartOf":{"@id":"https:\/\/corpeverest.com\/ca\/#website"},"datePublished":"2023-06-09T09:06:50+00:00","dateModified":"2025-07-16T13:41:16+00:00","description":"Les galetes i l'emmagatzematge local formen part de la tecnologia necess\u00e0ria per al funcionament d'un web.","breadcrumb":{"@id":"https:\/\/corpeverest.com\/ca\/politica-de-galetes\/#breadcrumb"},"inLanguage":"ca","potentialAction":[{"@type":"ReadAction","target":["https:\/\/corpeverest.com\/ca\/politica-de-galetes\/"]}]},{"@type":"BreadcrumbList","@id":"https:\/\/corpeverest.com\/ca\/politica-de-galetes\/#breadcrumb","itemListElement":[{"@type":"ListItem","position":1,"name":"Inicio","item":"https:\/\/corpeverest.com\/ca\/"},{"@type":"ListItem","position":2,"name":"Pol\u00edtica de cookies"}]},{"@type":"WebSite","@id":"https:\/\/corpeverest.com\/ca\/#website","url":"https:\/\/corpeverest.com\/ca\/","name":"Corporaci\u00f3n Everest","description":"","publisher":{"@id":"https:\/\/corpeverest.com\/ca\/#organization"},"potentialAction":[{"@type":"SearchAction","target":{"@type":"EntryPoint","urlTemplate":"https:\/\/corpeverest.com\/ca\/?s={search_term_string}"},"query-input":{"@type":"PropertyValueSpecification","valueRequired":true,"valueName":"search_term_string"}}],"inLanguage":"ca"},{"@type":"Organization","@id":"https:\/\/corpeverest.com\/ca\/#organization","name":"Corporaci\u00f3n Everest","url":"https:\/\/corpeverest.com\/ca\/","logo":{"@type":"ImageObject","inLanguage":"ca","@id":"https:\/\/corpeverest.com\/ca\/#\/schema\/logo\/image\/","url":"https:\/\/corpeverest.com\/wp-content\/uploads\/2025\/06\/Logo-Corp.-Everest-8-e1750092926475.png","contentUrl":"https:\/\/corpeverest.com\/wp-content\/uploads\/2025\/06\/Logo-Corp.-Everest-8-e1750092926475.png","width":500,"height":180,"caption":"Corporaci\u00f3n Everest"},"image":{"@id":"https:\/\/corpeverest.com\/ca\/#\/schema\/logo\/image\/"}}]}},"_links":{"self":[{"href":"https:\/\/corpeverest.com\/ca\/wp-json\/wp\/v2\/pages\/1067","targetHints":{"allow":["GET"]}}],"collection":[{"href":"https:\/\/corpeverest.com\/ca\/wp-json\/wp\/v2\/pages"}],"about":[{"href":"https:\/\/corpeverest.com\/ca\/wp-json\/wp\/v2\/types\/page"}],"author":[{"embeddable":true,"href":"https:\/\/corpeverest.com\/ca\/wp-json\/wp\/v2\/users\/2"}],"replies":[{"embeddable":true,"href":"https:\/\/corpeverest.com\/ca\/wp-json\/wp\/v2\/comments?post=1067"}],"version-history":[{"count":10,"href":"https:\/\/corpeverest.com\/ca\/wp-json\/wp\/v2\/pages\/1067\/revisions"}],"predecessor-version":[{"id":2080,"href":"https:\/\/corpeverest.com\/ca\/wp-json\/wp\/v2\/pages\/1067\/revisions\/2080"}],"wp:attachment":[{"href":"https:\/\/corpeverest.com\/ca\/wp-json\/wp\/v2\/media?parent=1067"}],"curies":[{"name":"wp","href":"https:\/\/api.w.org\/{rel}","templated":true}]}}