{"id":1065,"date":"2023-06-09T17:21:56","date_gmt":"2023-06-09T15:21:56","guid":{"rendered":"https:\/\/www.corpeverest.com\/missio-i-valors\/"},"modified":"2026-01-28T14:35:17","modified_gmt":"2026-01-28T12:35:17","slug":"missio-i-valors","status":"publish","type":"page","link":"https:\/\/corpeverest.com\/ca\/missio-i-valors\/","title":{"rendered":"Missi\u00f3 i valors"},"content":{"rendered":"\n\n  <div class=\"banner has-hover has-video\" id=\"banner-1381839365\">\n          <div class=\"banner-inner fill\">\n        <div class=\"banner-bg fill\" >\n                        \t<div class=\"video-overlay no-click fill visible\"><\/div>\n\t<video class=\"video-bg fill visible\" preload playsinline autoplay muted loop>\n\t\t<source src=\"https:\/\/corpeverest.com\/wp-content\/uploads\/2023\/06\/mision-y-valores.mp4\" type=\"video\/mp4\">\t<\/video>\n            <div class=\"overlay\"><\/div>            \n                    <\/div>\n\t\t\n        <div class=\"banner-layers container\">\n            <div class=\"fill banner-link\"><\/div>            \n\n   <div id=\"text-box-465003760\" class=\"text-box banner-layer x95 md-x100 lg-x100 y95 md-y50 lg-y50 res-text\">\n                                <div class=\"text-box-content text dark\">\n              \n              <div class=\"text-inner text-right\">\n                  \n\n<h1><strong>Missi\u00f3 i valors<\/strong><\/h1>\n<div class=\"is-divider divider clearfix\" style=\"max-width:117px;height:13px;background-color:rgb(231, 59, 72);\"><\/div>\n\n\n              <\/div>\n           <\/div>\n                            \n<style>\n#text-box-465003760 {\n  width: 90%;\n}\n#text-box-465003760 .text-box-content {\n  font-size: 100%;\n}\n@media (min-width:550px) {\n  #text-box-465003760 {\n    width: 100%;\n  }\n}\n<\/style>\n    <\/div>\n \n\n        <\/div>\n      <\/div>\n\n            \n<style>\n#banner-1381839365 {\n  padding-top: 200px;\n}\n#banner-1381839365 .overlay {\n  background-color: rgba(0, 0, 0, 0.2);\n}\n@media (min-width:550px) {\n  #banner-1381839365 {\n    padding-top: 400px;\n  }\n}\n<\/style>\n  <\/div>\n\n\n<p><div class=\"row\"  id=\"row-898815765\"><\/p>\n<p>\n\t<div id=\"col-1193413429\" class=\"col small-12 large-12\"  >\n\t\t\t\t<div class=\"col-inner\"  >\n\t\t\t\n\t\t\t<\/p>\n<p><\/p>\n<p><span><span><a href=\"https:\/\/corpeverest.com\/ca\/\">Inicio<\/a><\/span><\/span><br \/>\n<\/p>\n<p>\t\t<\/div>\n\t\t\t\t\t<\/div>\n\n\t<\/p>\n<p><\/div><\/p>\n\n\n<div class=\"row\"  id=\"row-1498385223\">\n\n\n\t<div id=\"col-137598354\" class=\"col medium-6 small-12 large-6\"  data-animate=\"fadeInLeft\">\n\t\t\t\t<div class=\"col-inner\"  >\n\t\t\t\n\t\t\t\n\n<h2>Missi\u00f3<\/h2>\n<div class=\"is-divider divider clearfix\" style=\"max-width:117px;height:13px;background-color:rgb(231, 59, 72);\"><\/div>\n\n\t<div id=\"gap-397493102\" class=\"gap-element clearfix\" style=\"display:block; height:auto;\">\n\t\t\n<style>\n#gap-397493102 {\n  padding-top: 20px;\n}\n<\/style>\n\t<\/div>\n\t\n\n<p style=\"text-align: justify;\">Ser l\u00edders en la gesti\u00f3 integral de residus i la reducci\u00f3 de l&#8217;\u00fas de recursos naturals per fomentar un model d&#8217;economia circular amb l&#8217;objectiu d&#8217;arribar a \u201cresidu zero\u201d.<\/p>\n\n\t\t<\/div>\n\t\t\t\t\t<\/div>\n\n\t\n\n\t<div id=\"col-898708838\" class=\"col medium-6 small-12 large-6\"  data-animate=\"fadeInRight\">\n\t\t\t\t<div class=\"col-inner\"  >\n\t\t\t\n\t\t\t\n\n\t<div class=\"img has-hover x md-x lg-x y md-y lg-y\" id=\"image_785093578\">\n\t\t\t\t\t\t\t\t<div class=\"img-inner image-cover dark\" style=\"padding-top:355px;\">\n\t\t\t<img loading=\"lazy\" decoding=\"async\" width=\"1920\" height=\"1280\" src=\"https:\/\/corpeverest.com\/wp-content\/uploads\/2023\/06\/conservacion-ambiental-jardin-ninos.png\" class=\"attachment-original size-original\" alt=\"\" srcset=\"https:\/\/corpeverest.com\/wp-content\/uploads\/2023\/06\/conservacion-ambiental-jardin-ninos.png 1920w, https:\/\/corpeverest.com\/wp-content\/uploads\/2023\/06\/conservacion-ambiental-jardin-ninos-300x200.png 300w, https:\/\/corpeverest.com\/wp-content\/uploads\/2023\/06\/conservacion-ambiental-jardin-ninos-1024x683.png 1024w, https:\/\/corpeverest.com\/wp-content\/uploads\/2023\/06\/conservacion-ambiental-jardin-ninos-768x512.png 768w, https:\/\/corpeverest.com\/wp-content\/uploads\/2023\/06\/conservacion-ambiental-jardin-ninos-1536x1024.png 1536w\" sizes=\"auto, (max-width: 1920px) 100vw, 1920px\" \/>\t\t\t\t\t\t\n\t\t\t\t\t<\/div>\n\t\t\t\t\t\t\t\t\n<style>\n#image_785093578 {\n  width: 100%;\n}\n<\/style>\n\t<\/div>\n\t\n\n\n\t\t<\/div>\n\t\t\t\t\t<\/div>\n\n\t\n\n<\/div>\n\t<div id=\"gap-1491123114\" class=\"gap-element clearfix\" style=\"display:block; height:auto;\">\n\t\t\n<style>\n#gap-1491123114 {\n  padding-top: 30px;\n}\n<\/style>\n\t<\/div>\n\t\n\n\n\t<section class=\"section\" id=\"section_1695141085\">\n\t\t<div class=\"section-bg fill\" >\n\t\t\t\t\t\t\t\t\t\n\t\t\t\n\n\t\t<\/div>\n\n\t\t\n\n\t\t<div class=\"section-content relative\">\n\t\t\t\n\n<div class=\"row\"  id=\"row-1023259137\">\n\n\n\t<div id=\"col-1148815307\" class=\"col small-12 large-12\"  >\n\t\t\t\t<div class=\"col-inner\"  >\n\t\t\t\n\t\t\t\n\n<h2>Valors<\/h2>\n<div class=\"is-divider divider clearfix\" style=\"max-width:117px;height:13px;background-color:rgb(231, 59, 72);\"><\/div>\n\n\t<div id=\"gap-266754809\" class=\"gap-element clearfix\" style=\"display:block; height:auto;\">\n\t\t\n<style>\n#gap-266754809 {\n  padding-top: 20px;\n}\n<\/style>\n\t<\/div>\n\t\n\n<p>Promovem un comportament \u00e8tic a tots els nivells, cuidant la seguretat i la integritat de tots els nostres treballadors, prove\u00efdors, clients i ciutadans. Els nostres VALORS s\u00f3n els pilars en qu\u00e8 es recolza la nostra gesti\u00f3: <\/p>\n\n\t\t<\/div>\n\t\t\t\t\t<\/div>\n\n\t\n\n<\/div>\n<div class=\"row align-equal\"  id=\"row-1283756144\">\n\n\n\t<div id=\"col-2093244162\" class=\"col medium-6 small-12 large-6\"  data-animate=\"bounceIn\">\n\t\t\t\t<div class=\"col-inner box-shadow-2\" style=\"background-color:rgb(255, 255, 255);\" >\n\t\t\t\n\t\t\t\n\n\t<div class=\"img has-hover iconos-svg x md-x lg-x y md-y lg-y\" id=\"image_528192329\">\n\t\t\t\t\t\t\t\t<div class=\"img-inner dark\" >\n\t\t\t<img decoding=\"async\" src=\"https:\/\/corpeverest.com\/wp-content\/uploads\/2023\/06\/compromiso.svg\" class=\"attachment-original size-original\" alt=\"\" \/>\t\t\t\t\t\t\n\t\t\t\t\t<\/div>\n\t\t\t\t\t\t\t\t\n<style>\n#image_528192329 {\n  width: 100%;\n}\n<\/style>\n\t<\/div>\n\t\n\n<h3>Comprom\u00eds<\/h3>\n<p style=\"text-align: justify;\">A Corporaci\u00f3n Everest estem compromesos amb els nostres clients i prove\u00efdors, garantint la m\u00e0xima efici\u00e8ncia en la gesti\u00f3 de residus per promoure la preservaci\u00f3 del medi ambient.<\/p>\n\n\t\t<\/div>\n\t\t\t\t\n<style>\n#col-2093244162 > .col-inner {\n  padding: 35px 35px 10px 35px;\n}\n<\/style>\n\t<\/div>\n\n\t\n\n\t<div id=\"col-1404667013\" class=\"col medium-6 small-12 large-6\"  data-animate=\"bounceIn\">\n\t\t\t\t<div class=\"col-inner box-shadow-2\" style=\"background-color:rgb(255, 255, 255);\" >\n\t\t\t\n\t\t\t\n\n\t<div class=\"img has-hover iconos-svg x md-x lg-x y md-y lg-y\" id=\"image_1286310877\">\n\t\t\t\t\t\t\t\t<div class=\"img-inner dark\" >\n\t\t\t<img decoding=\"async\" src=\"https:\/\/corpeverest.com\/wp-content\/uploads\/2023\/06\/confianza.svg\" class=\"attachment-original size-original\" alt=\"\" \/>\t\t\t\t\t\t\n\t\t\t\t\t<\/div>\n\t\t\t\t\t\t\t\t\n<style>\n#image_1286310877 {\n  width: 100%;\n}\n<\/style>\n\t<\/div>\n\t\n\n<h3>Confian\u00e7a<\/h3>\n<p style=\"text-align: justify;\">La nostra feina es basa en la confian\u00e7a amb els nostres clients i stakeholders, fruit de la transpar\u00e8ncia, integritat, bon govern i del comprom\u00eds del nostre equip hum\u00e0.<\/p>\n\n\t\t<\/div>\n\t\t\t\t\n<style>\n#col-1404667013 > .col-inner {\n  padding: 35px 35px 10px 35px;\n}\n<\/style>\n\t<\/div>\n\n\t\n\n\t<div id=\"col-1030030343\" class=\"col medium-6 small-12 large-6\"  data-animate=\"bounceIn\">\n\t\t\t\t<div class=\"col-inner box-shadow-2\" style=\"background-color:rgb(255, 255, 255);\" >\n\t\t\t\n\t\t\t\n\n\t<div class=\"img has-hover iconos-svg x md-x lg-x y md-y lg-y\" id=\"image_1329013301\">\n\t\t\t\t\t\t\t\t<div class=\"img-inner dark\" >\n\t\t\t<img decoding=\"async\" src=\"https:\/\/corpeverest.com\/wp-content\/uploads\/2023\/06\/innovacion.svg\" class=\"attachment-original size-original\" alt=\"\" \/>\t\t\t\t\t\t\n\t\t\t\t\t<\/div>\n\t\t\t\t\t\t\t\t\n<style>\n#image_1329013301 {\n  width: 100%;\n}\n<\/style>\n\t<\/div>\n\t\n\n<h3>Innovaci\u00f3<\/h3>\n<p style=\"text-align: justify;\">Som l\u00edders en l&#8217;\u00fas de la tecnologia i la digitalitzaci\u00f3 per a la realitzaci\u00f3 de la nostra activitat i millora dels processos. Som coneixedors dels darrers aven\u00e7os del sector. <\/p>\n\n\t\t<\/div>\n\t\t\t\t\n<style>\n#col-1030030343 > .col-inner {\n  padding: 35px 35px 10px 35px;\n}\n<\/style>\n\t<\/div>\n\n\t\n\n\t<div id=\"col-1323844763\" class=\"col medium-6 small-12 large-6\"  data-animate=\"bounceIn\">\n\t\t\t\t<div class=\"col-inner box-shadow-2\" style=\"background-color:rgb(255, 255, 255);\" >\n\t\t\t\n\t\t\t\n\n\t<div class=\"img has-hover iconos-svg x md-x lg-x y md-y lg-y\" id=\"image_1300753015\">\n\t\t\t\t\t\t\t\t<div class=\"img-inner dark\" >\n\t\t\t<img decoding=\"async\" src=\"https:\/\/corpeverest.com\/wp-content\/uploads\/2023\/06\/sostenibilidad.svg\" class=\"attachment-original size-original\" alt=\"\" \/>\t\t\t\t\t\t\n\t\t\t\t\t<\/div>\n\t\t\t\t\t\t\t\t\n<style>\n#image_1300753015 {\n  width: 100%;\n}\n<\/style>\n\t<\/div>\n\t\n\n<h3>Sostenibilitat<\/h3>\n<p style=\"text-align: justify;\">Busquem l&#8217;excel\u00b7l\u00e8ncia de les nostres activitats per minimitzar la petjada de carboni i maximitzar la recuperaci\u00f3 dels materials, per tal de tenir un m\u00ednim impacte mediambiental i arribar a l&#8217;objectiu de residu zero.<\/p>\n\n\t\t<\/div>\n\t\t\t\t\n<style>\n#col-1323844763 > .col-inner {\n  padding: 35px 35px 10px 35px;\n}\n<\/style>\n\t<\/div>\n\n\t\n\n<\/div>\n\n\t\t<\/div>\n\n\t\t\n<style>\n#section_1695141085 {\n  padding-top: 30px;\n  padding-bottom: 30px;\n  background-color: rgb(249, 246, 243);\n}\n<\/style>\n\t<\/section>\n\t\n\n","protected":false},"excerpt":{"rendered":"","protected":false},"author":2,"featured_media":0,"parent":0,"menu_order":10,"comment_status":"closed","ping_status":"closed","template":"page-single-page-nav-transparent.php","meta":{"_acf_changed":false,"footnotes":""},"class_list":["post-1065","page","type-page","status-publish","hentry"],"acf":[],"yoast_head":"<!-- This site is optimized with the Yoast SEO plugin v27.0 - https:\/\/yoast.com\/product\/yoast-seo-wordpress\/ -->\n<title>Gestora Catalana de Residus | Corporaci\u00f3 Everest<\/title>\n<meta name=\"description\" content=\"Som la gestora catalana de residus que converteix els teus residus en valor, solucions integrals, tra\u00e7abilitat total i comprom\u00eds ambiental.\" \/>\n<meta name=\"robots\" content=\"index, follow, max-snippet:-1, max-image-preview:large, max-video-preview:-1\" \/>\n<link rel=\"canonical\" href=\"https:\/\/corpeverest.com\/ca\/missio-i-valors\/\" \/>\n<meta property=\"og:locale\" content=\"ca_ES\" \/>\n<meta property=\"og:type\" content=\"article\" \/>\n<meta property=\"og:title\" content=\"Gestora Catalana de Residus | Corporaci\u00f3 Everest\" \/>\n<meta property=\"og:description\" content=\"Som la gestora catalana de residus que converteix els teus residus en valor, solucions integrals, tra\u00e7abilitat total i comprom\u00eds ambiental.\" \/>\n<meta property=\"og:url\" content=\"https:\/\/corpeverest.com\/ca\/missio-i-valors\/\" \/>\n<meta property=\"og:site_name\" content=\"Corporaci\u00f3n Everest\" \/>\n<meta property=\"article:modified_time\" content=\"2026-01-28T12:35:17+00:00\" \/>\n<meta name=\"twitter:card\" content=\"summary_large_image\" \/>\n<meta name=\"twitter:label1\" content=\"Temps estimat de lectura\" \/>\n\t<meta name=\"twitter:data1\" content=\"2 minuts\" \/>\n<script type=\"application\/ld+json\" class=\"yoast-schema-graph\">{\"@context\":\"https:\/\/schema.org\",\"@graph\":[{\"@type\":\"WebPage\",\"@id\":\"https:\/\/corpeverest.com\/ca\/missio-i-valors\/\",\"url\":\"https:\/\/corpeverest.com\/ca\/missio-i-valors\/\",\"name\":\"Gestora Catalana de Residus | Corporaci\u00f3 Everest\",\"isPartOf\":{\"@id\":\"https:\/\/corpeverest.com\/ca\/#website\"},\"datePublished\":\"2023-06-09T15:21:56+00:00\",\"dateModified\":\"2026-01-28T12:35:17+00:00\",\"description\":\"Som la gestora catalana de residus que converteix els teus residus en valor, solucions integrals, tra\u00e7abilitat total i comprom\u00eds ambiental.\",\"breadcrumb\":{\"@id\":\"https:\/\/corpeverest.com\/ca\/missio-i-valors\/#breadcrumb\"},\"inLanguage\":\"ca\",\"potentialAction\":[{\"@type\":\"ReadAction\",\"target\":[\"https:\/\/corpeverest.com\/ca\/missio-i-valors\/\"]}]},{\"@type\":\"BreadcrumbList\",\"@id\":\"https:\/\/corpeverest.com\/ca\/missio-i-valors\/#breadcrumb\",\"itemListElement\":[{\"@type\":\"ListItem\",\"position\":1,\"name\":\"Inicio\",\"item\":\"https:\/\/corpeverest.com\/ca\/\"},{\"@type\":\"ListItem\",\"position\":2,\"name\":\"Missi\u00f3 i valors\"}]},{\"@type\":\"WebSite\",\"@id\":\"https:\/\/corpeverest.com\/ca\/#website\",\"url\":\"https:\/\/corpeverest.com\/ca\/\",\"name\":\"Corporaci\u00f3n Everest\",\"description\":\"\",\"publisher\":{\"@id\":\"https:\/\/corpeverest.com\/ca\/#organization\"},\"potentialAction\":[{\"@type\":\"SearchAction\",\"target\":{\"@type\":\"EntryPoint\",\"urlTemplate\":\"https:\/\/corpeverest.com\/ca\/?s={search_term_string}\"},\"query-input\":{\"@type\":\"PropertyValueSpecification\",\"valueRequired\":true,\"valueName\":\"search_term_string\"}}],\"inLanguage\":\"ca\"},{\"@type\":\"Organization\",\"@id\":\"https:\/\/corpeverest.com\/ca\/#organization\",\"name\":\"Corporaci\u00f3n Everest\",\"url\":\"https:\/\/corpeverest.com\/ca\/\",\"logo\":{\"@type\":\"ImageObject\",\"inLanguage\":\"ca\",\"@id\":\"https:\/\/corpeverest.com\/ca\/#\/schema\/logo\/image\/\",\"url\":\"https:\/\/corpeverest.com\/wp-content\/uploads\/2025\/06\/Logo-Corp.-Everest-8-e1750092926475.png\",\"contentUrl\":\"https:\/\/corpeverest.com\/wp-content\/uploads\/2025\/06\/Logo-Corp.-Everest-8-e1750092926475.png\",\"width\":500,\"height\":180,\"caption\":\"Corporaci\u00f3n Everest\"},\"image\":{\"@id\":\"https:\/\/corpeverest.com\/ca\/#\/schema\/logo\/image\/\"}}]}<\/script>\n<!-- \/ Yoast SEO plugin. -->","yoast_head_json":{"title":"Gestora Catalana de Residus | Corporaci\u00f3 Everest","description":"Som la gestora catalana de residus que converteix els teus residus en valor, solucions integrals, tra\u00e7abilitat total i comprom\u00eds ambiental.","robots":{"index":"index","follow":"follow","max-snippet":"max-snippet:-1","max-image-preview":"max-image-preview:large","max-video-preview":"max-video-preview:-1"},"canonical":"https:\/\/corpeverest.com\/ca\/missio-i-valors\/","og_locale":"ca_ES","og_type":"article","og_title":"Gestora Catalana de Residus | Corporaci\u00f3 Everest","og_description":"Som la gestora catalana de residus que converteix els teus residus en valor, solucions integrals, tra\u00e7abilitat total i comprom\u00eds ambiental.","og_url":"https:\/\/corpeverest.com\/ca\/missio-i-valors\/","og_site_name":"Corporaci\u00f3n Everest","article_modified_time":"2026-01-28T12:35:17+00:00","twitter_card":"summary_large_image","twitter_misc":{"Temps estimat de lectura":"2 minuts"},"schema":{"@context":"https:\/\/schema.org","@graph":[{"@type":"WebPage","@id":"https:\/\/corpeverest.com\/ca\/missio-i-valors\/","url":"https:\/\/corpeverest.com\/ca\/missio-i-valors\/","name":"Gestora Catalana de Residus | Corporaci\u00f3 Everest","isPartOf":{"@id":"https:\/\/corpeverest.com\/ca\/#website"},"datePublished":"2023-06-09T15:21:56+00:00","dateModified":"2026-01-28T12:35:17+00:00","description":"Som la gestora catalana de residus que converteix els teus residus en valor, solucions integrals, tra\u00e7abilitat total i comprom\u00eds ambiental.","breadcrumb":{"@id":"https:\/\/corpeverest.com\/ca\/missio-i-valors\/#breadcrumb"},"inLanguage":"ca","potentialAction":[{"@type":"ReadAction","target":["https:\/\/corpeverest.com\/ca\/missio-i-valors\/"]}]},{"@type":"BreadcrumbList","@id":"https:\/\/corpeverest.com\/ca\/missio-i-valors\/#breadcrumb","itemListElement":[{"@type":"ListItem","position":1,"name":"Inicio","item":"https:\/\/corpeverest.com\/ca\/"},{"@type":"ListItem","position":2,"name":"Missi\u00f3 i valors"}]},{"@type":"WebSite","@id":"https:\/\/corpeverest.com\/ca\/#website","url":"https:\/\/corpeverest.com\/ca\/","name":"Corporaci\u00f3n Everest","description":"","publisher":{"@id":"https:\/\/corpeverest.com\/ca\/#organization"},"potentialAction":[{"@type":"SearchAction","target":{"@type":"EntryPoint","urlTemplate":"https:\/\/corpeverest.com\/ca\/?s={search_term_string}"},"query-input":{"@type":"PropertyValueSpecification","valueRequired":true,"valueName":"search_term_string"}}],"inLanguage":"ca"},{"@type":"Organization","@id":"https:\/\/corpeverest.com\/ca\/#organization","name":"Corporaci\u00f3n Everest","url":"https:\/\/corpeverest.com\/ca\/","logo":{"@type":"ImageObject","inLanguage":"ca","@id":"https:\/\/corpeverest.com\/ca\/#\/schema\/logo\/image\/","url":"https:\/\/corpeverest.com\/wp-content\/uploads\/2025\/06\/Logo-Corp.-Everest-8-e1750092926475.png","contentUrl":"https:\/\/corpeverest.com\/wp-content\/uploads\/2025\/06\/Logo-Corp.-Everest-8-e1750092926475.png","width":500,"height":180,"caption":"Corporaci\u00f3n Everest"},"image":{"@id":"https:\/\/corpeverest.com\/ca\/#\/schema\/logo\/image\/"}}]}},"_links":{"self":[{"href":"https:\/\/corpeverest.com\/ca\/wp-json\/wp\/v2\/pages\/1065","targetHints":{"allow":["GET"]}}],"collection":[{"href":"https:\/\/corpeverest.com\/ca\/wp-json\/wp\/v2\/pages"}],"about":[{"href":"https:\/\/corpeverest.com\/ca\/wp-json\/wp\/v2\/types\/page"}],"author":[{"embeddable":true,"href":"https:\/\/corpeverest.com\/ca\/wp-json\/wp\/v2\/users\/2"}],"replies":[{"embeddable":true,"href":"https:\/\/corpeverest.com\/ca\/wp-json\/wp\/v2\/comments?post=1065"}],"version-history":[{"count":14,"href":"https:\/\/corpeverest.com\/ca\/wp-json\/wp\/v2\/pages\/1065\/revisions"}],"predecessor-version":[{"id":2823,"href":"https:\/\/corpeverest.com\/ca\/wp-json\/wp\/v2\/pages\/1065\/revisions\/2823"}],"wp:attachment":[{"href":"https:\/\/corpeverest.com\/ca\/wp-json\/wp\/v2\/media?parent=1065"}],"curies":[{"name":"wp","href":"https:\/\/api.w.org\/{rel}","templated":true}]}}