{"id":1064,"date":"2023-06-09T17:22:21","date_gmt":"2023-06-09T15:22:21","guid":{"rendered":"https:\/\/www.corpeverest.com\/la-nostra-historia\/"},"modified":"2025-07-17T01:16:33","modified_gmt":"2025-07-16T23:16:33","slug":"la-nostra-historia","status":"publish","type":"page","link":"https:\/\/corpeverest.com\/ca\/la-nostra-historia\/","title":{"rendered":"La nostra hist\u00f2ria"},"content":{"rendered":"\n\n  <div class=\"banner has-hover has-video\" id=\"banner-857742449\">\n          <div class=\"banner-inner fill\">\n        <div class=\"banner-bg fill\" >\n                        \t<div class=\"video-overlay no-click fill visible\"><\/div>\n\t<video class=\"video-bg fill visible\" preload playsinline autoplay muted loop>\n\t\t<source src=\"https:\/\/corpeverest.com\/wp-content\/uploads\/2023\/06\/historia-y-cifras.mp4\" type=\"video\/mp4\">\t<\/video>\n            <div class=\"overlay\"><\/div>            \n                    <\/div>\n\t\t\n        <div class=\"banner-layers container\">\n            <div class=\"fill banner-link\"><\/div>            \n\n   <div id=\"text-box-500708216\" class=\"text-box banner-layer x95 md-x100 lg-x100 y95 md-y50 lg-y50 res-text\">\n                                <div class=\"text-box-content text dark\">\n              \n              <div class=\"text-inner text-right\">\n                  \n\n<h1><strong>La nostra hist\u00f2ria<\/strong><\/h1>\n<div class=\"is-divider divider clearfix\" style=\"max-width:117px;height:13px;background-color:rgb(231, 59, 72);\"><\/div>\n\n\n              <\/div>\n           <\/div>\n                            \n<style>\n#text-box-500708216 {\n  width: 90%;\n}\n#text-box-500708216 .text-box-content {\n  font-size: 100%;\n}\n@media (min-width:550px) {\n  #text-box-500708216 {\n    width: 100%;\n  }\n}\n<\/style>\n    <\/div>\n \n\n        <\/div>\n      <\/div>\n\n            \n<style>\n#banner-857742449 {\n  padding-top: 200px;\n}\n#banner-857742449 .overlay {\n  background-color: rgba(0, 0, 0, 0.2);\n}\n@media (min-width:550px) {\n  #banner-857742449 {\n    padding-top: 400px;\n  }\n}\n<\/style>\n  <\/div>\n\n\n<div class=\"row\"  id=\"row-1703161776\">\n\n\n\t<div id=\"col-1309973725\" class=\"col small-12 large-12\"  >\n\t\t\t\t<div class=\"col-inner\"  >\n\t\t\t\n\t\t\t\n\n<p><div class=\"row\"  id=\"row-248557750\"><\/p>\n<p>\n\t<div id=\"col-140678631\" class=\"col small-12 large-12\"  >\n\t\t\t\t<div class=\"col-inner\"  >\n\t\t\t\n\t\t\t<\/p>\n<p><\/p>\n<p><span><span><a href=\"https:\/\/corpeverest.com\/ca\/\">Inicio<\/a><\/span><\/span><br \/>\n<\/p>\n<p>\t\t<\/div>\n\t\t\t\t\t<\/div>\n\n\t<\/p>\n<p><\/div><\/p>\n\n\n\n\t\t<\/div>\n\t\t\t\t\t<\/div>\n\n\t\n\n<\/div>\n\n\t<section class=\"section image-full-width-right\" id=\"section_1432508819\">\n\t\t<div class=\"section-bg fill\" >\n\t\t\t<img loading=\"lazy\" decoding=\"async\" width=\"618\" height=\"437\" src=\"https:\/\/corpeverest.com\/wp-content\/uploads\/2023\/06\/gestion-integral-residuos.png\" class=\"bg attachment- size-\" alt=\"\" \/>\t\t\t\t\t\t\n\t\t\t\n\n\t\t<\/div>\n\n\t\t\n\n\t\t<div class=\"section-content relative\">\n\t\t\t\n\n\t<div id=\"gap-1646166105\" class=\"gap-element clearfix\" style=\"display:block; height:auto;\">\n\t\t\n<style>\n#gap-1646166105 {\n  padding-top: 30px;\n}\n<\/style>\n\t<\/div>\n\t\n\n<div class=\"row\"  id=\"row-602933670\">\n\n\n\t<div id=\"col-1505492218\" class=\"col medium-6 small-12 large-6\"  data-animate=\"fadeInLeft\">\n\t\t\t\t<div class=\"col-inner\"  >\n\t\t\t\n\t\t\t\n\n<h2>La nostra hist\u00f2ria<\/h2>\n<div class=\"is-divider divider clearfix\" style=\"max-width:117px;height:13px;background-color:rgb(231, 59, 72);\"><\/div>\n\n\t<div id=\"gap-349070409\" class=\"gap-element clearfix\" style=\"display:block; height:auto;\">\n\t\t\n<style>\n#gap-349070409 {\n  padding-top: 20px;\n}\n<\/style>\n\t<\/div>\n\t\n\n<p style=\"text-align: justify;\">Empresa de gesti\u00f3 integral de residus fundada el 1964 compromesa amb els seus stakeholders en el tractament responsable i ecol\u00f2gic de residus.<\/p>\n<p style=\"text-align: justify;\">La nostra aposta per la tecnologia m\u00e9s avan\u00e7ada i la formaci\u00f3 constant dels nostres professionals ens atorguen un &#8216;Know How&#8217; l\u00edder al sector.<\/p>\n<p style=\"text-align: justify;\">La nostra preocupaci\u00f3 pel medi ambient ha portat el Grup Everest a la construcci\u00f3 de la seva pr\u00f2pia planta de selecci\u00f3 i transfer\u00e8ncia, la m\u00e9s gran de Catalunya, amb la darrera tecnologia en reducci\u00f3 massiva de residus.<\/p>\n\n\t\t<\/div>\n\t\t\t\t\t<\/div>\n\n\t\n\n\t<div id=\"col-228533449\" class=\"col medium-6 small-12 large-6\"  data-animate=\"fadeInRight\">\n\t\t\t\t<div class=\"col-inner\"  >\n\t\t\t\n\t\t\t\n\n\t<div class=\"img has-hover show-for-small x md-x lg-x y md-y lg-y\" id=\"image_1948400234\">\n\t\t\t\t\t\t\t\t<div class=\"img-inner dark\" >\n\t\t\t<img loading=\"lazy\" decoding=\"async\" width=\"618\" height=\"437\" src=\"https:\/\/corpeverest.com\/wp-content\/uploads\/2023\/06\/gestion-integral-residuos.png\" class=\"attachment-large size-large\" alt=\"\" srcset=\"https:\/\/corpeverest.com\/wp-content\/uploads\/2023\/06\/gestion-integral-residuos.png 618w, https:\/\/corpeverest.com\/wp-content\/uploads\/2023\/06\/gestion-integral-residuos-300x212.png 300w\" sizes=\"auto, (max-width: 618px) 100vw, 618px\" \/>\t\t\t\t\t\t\n\t\t\t\t\t<\/div>\n\t\t\t\t\t\t\t\t\n<style>\n#image_1948400234 {\n  width: 100%;\n}\n<\/style>\n\t<\/div>\n\t\n\n\n\t\t<\/div>\n\t\t\t\t\t<\/div>\n\n\t\n\n<\/div>\n\n\t\t<\/div>\n\n\t\t\n<style>\n#section_1432508819 {\n  padding-top: 30px;\n  padding-bottom: 30px;\n}\n<\/style>\n\t<\/section>\n\t\n\n\t<section class=\"section\" id=\"section_1012453295\">\n\t\t<div class=\"section-bg fill\" >\n\t\t\t\t\t\t\t\t\t\n\t\t\t\n\n\t\t<\/div>\n\n\t\t\n\n\t\t<div class=\"section-content relative\">\n\t\t\t\n\n<div class=\"row row-collapse timeline-desktop hide-for-medium\"  id=\"row-57299651\">\n\n\n\t<div id=\"col-1141945908\" class=\"col medium-3 small-12 large-3\"  >\n\t\t\t\t<div class=\"col-inner\"  >\n\t\t\t\n\t\t\t\n\n\t<div class=\"img has-hover x md-x lg-x y md-y lg-y\" id=\"image_1918037751\">\n\t\t\t\t\t\t<div data-animate=\"fadeInLeft\">\t\t<div class=\"img-inner dark\" >\n\t\t\t<img loading=\"lazy\" decoding=\"async\" width=\"565\" height=\"1110\" src=\"https:\/\/corpeverest.com\/wp-content\/uploads\/2023\/06\/01-HistoriaEverest.png\" class=\"attachment-original size-original\" alt=\"\" srcset=\"https:\/\/corpeverest.com\/wp-content\/uploads\/2023\/06\/01-HistoriaEverest.png 565w, https:\/\/corpeverest.com\/wp-content\/uploads\/2023\/06\/01-HistoriaEverest-153x300.png 153w, https:\/\/corpeverest.com\/wp-content\/uploads\/2023\/06\/01-HistoriaEverest-521x1024.png 521w\" sizes=\"auto, (max-width: 565px) 100vw, 565px\" \/>\t\t\t\t\t\t\n\t\t\t\t\t<\/div>\n\t\t<\/div>\t\t\t\t\t\t\n<style>\n#image_1918037751 {\n  width: 100%;\n}\n<\/style>\n\t<\/div>\n\t\n\n\n\t\t<\/div>\n\t\t\t\t\t<\/div>\n\n\t\n\n\t<div id=\"col-283499367\" class=\"col medium-3 small-12 large-3\"  >\n\t\t\t\t<div class=\"col-inner\"  >\n\t\t\t\n\t\t\t\n\n\t<div class=\"img has-hover x md-x lg-x y md-y lg-y\" id=\"image_1424046985\">\n\t\t\t\t\t\t<div data-animate=\"fadeInLeft\">\t\t<div class=\"img-inner dark\" >\n\t\t\t<img loading=\"lazy\" decoding=\"async\" width=\"486\" height=\"1110\" src=\"https:\/\/corpeverest.com\/wp-content\/uploads\/2023\/06\/02-HistoriaEverest.png\" class=\"attachment-original size-original\" alt=\"\" srcset=\"https:\/\/corpeverest.com\/wp-content\/uploads\/2023\/06\/02-HistoriaEverest.png 486w, https:\/\/corpeverest.com\/wp-content\/uploads\/2023\/06\/02-HistoriaEverest-131x300.png 131w, https:\/\/corpeverest.com\/wp-content\/uploads\/2023\/06\/02-HistoriaEverest-448x1024.png 448w\" sizes=\"auto, (max-width: 486px) 100vw, 486px\" \/>\t\t\t\t\t\t\n\t\t\t\t\t<\/div>\n\t\t<\/div>\t\t\t\t\t\t\n<style>\n#image_1424046985 {\n  width: 100%;\n}\n<\/style>\n\t<\/div>\n\t\n\n\n\t\t<\/div>\n\t\t\t\t\t<\/div>\n\n\t\n\n\t<div id=\"col-544218457\" class=\"col medium-3 small-12 large-3\"  >\n\t\t\t\t<div class=\"col-inner\"  >\n\t\t\t\n\t\t\t\n\n\t<div class=\"img has-hover x md-x lg-x y md-y lg-y\" id=\"image_1340194012\">\n\t\t\t\t\t\t<div data-animate=\"fadeInLeft\">\t\t<div class=\"img-inner dark\" >\n\t\t\t<img loading=\"lazy\" decoding=\"async\" width=\"567\" height=\"1110\" src=\"https:\/\/corpeverest.com\/wp-content\/uploads\/2023\/06\/03-HistoriaEverest.png\" class=\"attachment-original size-original\" alt=\"\" srcset=\"https:\/\/corpeverest.com\/wp-content\/uploads\/2023\/06\/03-HistoriaEverest.png 567w, https:\/\/corpeverest.com\/wp-content\/uploads\/2023\/06\/03-HistoriaEverest-153x300.png 153w, https:\/\/corpeverest.com\/wp-content\/uploads\/2023\/06\/03-HistoriaEverest-523x1024.png 523w\" sizes=\"auto, (max-width: 567px) 100vw, 567px\" \/>\t\t\t\t\t\t\n\t\t\t\t\t<\/div>\n\t\t<\/div>\t\t\t\t\t\t\n<style>\n#image_1340194012 {\n  width: 100%;\n}\n<\/style>\n\t<\/div>\n\t\n\n\n\t\t<\/div>\n\t\t\t\t\t<\/div>\n\n\t\n\n\t<div id=\"col-1225349843\" class=\"col medium-3 small-12 large-3\"  >\n\t\t\t\t<div class=\"col-inner\"  >\n\t\t\t\n\t\t\t\n\n\t<div class=\"img has-hover x md-x lg-x y md-y lg-y\" id=\"image_2078853232\">\n\t\t\t\t\t\t<div data-animate=\"fadeInLeft\">\t\t<div class=\"img-inner dark\" >\n\t\t\t<img loading=\"lazy\" decoding=\"async\" width=\"583\" height=\"1110\" src=\"https:\/\/corpeverest.com\/wp-content\/uploads\/2023\/06\/04-HistoriaEverest.png\" class=\"attachment-original size-original\" alt=\"\" srcset=\"https:\/\/corpeverest.com\/wp-content\/uploads\/2023\/06\/04-HistoriaEverest.png 583w, https:\/\/corpeverest.com\/wp-content\/uploads\/2023\/06\/04-HistoriaEverest-158x300.png 158w, https:\/\/corpeverest.com\/wp-content\/uploads\/2023\/06\/04-HistoriaEverest-538x1024.png 538w\" sizes=\"auto, (max-width: 583px) 100vw, 583px\" \/>\t\t\t\t\t\t\n\t\t\t\t\t<\/div>\n\t\t<\/div>\t\t\t\t\t\t\n<style>\n#image_2078853232 {\n  width: 100%;\n}\n<\/style>\n\t<\/div>\n\t\n\n\n\t\t<\/div>\n\t\t\t\t\t<\/div>\n\n\t\n\n<\/div>\n<div class=\"row\"  id=\"row-730544524\">\n\n\n\t<div id=\"col-1543867602\" class=\"col small-12 large-12\"  >\n\t\t\t\t<div class=\"col-inner\"  >\n\t\t\t\n\t\t\t\n\n\t<div class=\"img has-hover hidden x md-x lg-x y md-y lg-y\" id=\"image_1200138685\">\n\t\t\t\t\t\t\t\t<div class=\"img-inner dark\" >\n\t\t\t<img decoding=\"async\" src=\"https:\/\/corpeverest.com\/wp-content\/uploads\/2023\/06\/cronograma-historia-desktop.svg\" class=\"attachment-original size-original\" alt=\"\" \/>\t\t\t\t\t\t\n\t\t\t\t\t<\/div>\n\t\t\t\t\t\t\t\t\n<style>\n#image_1200138685 {\n  width: 100%;\n}\n<\/style>\n\t<\/div>\n\t\n\n\t<div class=\"img has-hover show-for-medium x md-x lg-x y md-y lg-y\" id=\"image_2021775644\">\n\t\t\t\t\t\t\t\t<div class=\"img-inner dark\" >\n\t\t\t<img decoding=\"async\" src=\"https:\/\/corpeverest.com\/wp-content\/uploads\/2023\/06\/cronograma-historia-mobile.svg\" class=\"attachment-original size-original\" alt=\"\" \/>\t\t\t\t\t\t\n\t\t\t\t\t<\/div>\n\t\t\t\t\t\t\t\t\n<style>\n#image_2021775644 {\n  width: 100%;\n}\n<\/style>\n\t<\/div>\n\t\n\n\n\t\t<\/div>\n\t\t\t\t\t<\/div>\n\n\t\n\n<\/div>\n\n\t\t<\/div>\n\n\t\t\n<style>\n#section_1012453295 {\n  padding-top: 30px;\n  padding-bottom: 30px;\n}\n<\/style>\n\t<\/section>\n\t\n\n","protected":false},"excerpt":{"rendered":"","protected":false},"author":2,"featured_media":0,"parent":0,"menu_order":10,"comment_status":"closed","ping_status":"closed","template":"page-single-page-nav-transparent.php","meta":{"_acf_changed":false,"footnotes":""},"class_list":["post-1064","page","type-page","status-publish","hentry"],"acf":[],"yoast_head":"<!-- This site is optimized with the Yoast SEO plugin v27.0 - https:\/\/yoast.com\/product\/yoast-seo-wordpress\/ -->\n<title>La nostra hist\u00f2ria - Corporaci\u00f3n Everest<\/title>\n<meta name=\"description\" content=\"Empresa de gesti\u00f3 integral de residus fundada el 1964 compromesa en el tractament responsable i ecol\u00f2gic de residus.\" \/>\n<meta name=\"robots\" content=\"index, follow, max-snippet:-1, max-image-preview:large, max-video-preview:-1\" \/>\n<link rel=\"canonical\" href=\"https:\/\/corpeverest.com\/ca\/la-nostra-historia\/\" \/>\n<meta property=\"og:locale\" content=\"ca_ES\" \/>\n<meta property=\"og:type\" content=\"article\" \/>\n<meta property=\"og:title\" content=\"La nostra hist\u00f2ria - Corporaci\u00f3n Everest\" \/>\n<meta property=\"og:description\" content=\"Empresa de gesti\u00f3 integral de residus fundada el 1964 compromesa en el tractament responsable i ecol\u00f2gic de residus.\" \/>\n<meta property=\"og:url\" content=\"https:\/\/corpeverest.com\/ca\/la-nostra-historia\/\" \/>\n<meta property=\"og:site_name\" content=\"Corporaci\u00f3n Everest\" \/>\n<meta property=\"article:modified_time\" content=\"2025-07-16T23:16:33+00:00\" \/>\n<meta name=\"twitter:card\" content=\"summary_large_image\" \/>\n<meta name=\"twitter:label1\" content=\"Temps estimat de lectura\" \/>\n\t<meta name=\"twitter:data1\" content=\"1 minut\" \/>\n<script type=\"application\/ld+json\" class=\"yoast-schema-graph\">{\"@context\":\"https:\/\/schema.org\",\"@graph\":[{\"@type\":\"WebPage\",\"@id\":\"https:\/\/corpeverest.com\/ca\/la-nostra-historia\/\",\"url\":\"https:\/\/corpeverest.com\/ca\/la-nostra-historia\/\",\"name\":\"La nostra hist\u00f2ria - Corporaci\u00f3n Everest\",\"isPartOf\":{\"@id\":\"https:\/\/corpeverest.com\/ca\/#website\"},\"datePublished\":\"2023-06-09T15:22:21+00:00\",\"dateModified\":\"2025-07-16T23:16:33+00:00\",\"description\":\"Empresa de gesti\u00f3 integral de residus fundada el 1964 compromesa en el tractament responsable i ecol\u00f2gic de residus.\",\"breadcrumb\":{\"@id\":\"https:\/\/corpeverest.com\/ca\/la-nostra-historia\/#breadcrumb\"},\"inLanguage\":\"ca\",\"potentialAction\":[{\"@type\":\"ReadAction\",\"target\":[\"https:\/\/corpeverest.com\/ca\/la-nostra-historia\/\"]}]},{\"@type\":\"BreadcrumbList\",\"@id\":\"https:\/\/corpeverest.com\/ca\/la-nostra-historia\/#breadcrumb\",\"itemListElement\":[{\"@type\":\"ListItem\",\"position\":1,\"name\":\"Inicio\",\"item\":\"https:\/\/corpeverest.com\/ca\/\"},{\"@type\":\"ListItem\",\"position\":2,\"name\":\"La nostra hist\u00f2ria\"}]},{\"@type\":\"WebSite\",\"@id\":\"https:\/\/corpeverest.com\/ca\/#website\",\"url\":\"https:\/\/corpeverest.com\/ca\/\",\"name\":\"Corporaci\u00f3n Everest\",\"description\":\"\",\"publisher\":{\"@id\":\"https:\/\/corpeverest.com\/ca\/#organization\"},\"potentialAction\":[{\"@type\":\"SearchAction\",\"target\":{\"@type\":\"EntryPoint\",\"urlTemplate\":\"https:\/\/corpeverest.com\/ca\/?s={search_term_string}\"},\"query-input\":{\"@type\":\"PropertyValueSpecification\",\"valueRequired\":true,\"valueName\":\"search_term_string\"}}],\"inLanguage\":\"ca\"},{\"@type\":\"Organization\",\"@id\":\"https:\/\/corpeverest.com\/ca\/#organization\",\"name\":\"Corporaci\u00f3n Everest\",\"url\":\"https:\/\/corpeverest.com\/ca\/\",\"logo\":{\"@type\":\"ImageObject\",\"inLanguage\":\"ca\",\"@id\":\"https:\/\/corpeverest.com\/ca\/#\/schema\/logo\/image\/\",\"url\":\"https:\/\/corpeverest.com\/wp-content\/uploads\/2025\/06\/Logo-Corp.-Everest-8-e1750092926475.png\",\"contentUrl\":\"https:\/\/corpeverest.com\/wp-content\/uploads\/2025\/06\/Logo-Corp.-Everest-8-e1750092926475.png\",\"width\":500,\"height\":180,\"caption\":\"Corporaci\u00f3n Everest\"},\"image\":{\"@id\":\"https:\/\/corpeverest.com\/ca\/#\/schema\/logo\/image\/\"}}]}<\/script>\n<!-- \/ Yoast SEO plugin. -->","yoast_head_json":{"title":"La nostra hist\u00f2ria - Corporaci\u00f3n Everest","description":"Empresa de gesti\u00f3 integral de residus fundada el 1964 compromesa en el tractament responsable i ecol\u00f2gic de residus.","robots":{"index":"index","follow":"follow","max-snippet":"max-snippet:-1","max-image-preview":"max-image-preview:large","max-video-preview":"max-video-preview:-1"},"canonical":"https:\/\/corpeverest.com\/ca\/la-nostra-historia\/","og_locale":"ca_ES","og_type":"article","og_title":"La nostra hist\u00f2ria - Corporaci\u00f3n Everest","og_description":"Empresa de gesti\u00f3 integral de residus fundada el 1964 compromesa en el tractament responsable i ecol\u00f2gic de residus.","og_url":"https:\/\/corpeverest.com\/ca\/la-nostra-historia\/","og_site_name":"Corporaci\u00f3n Everest","article_modified_time":"2025-07-16T23:16:33+00:00","twitter_card":"summary_large_image","twitter_misc":{"Temps estimat de lectura":"1 minut"},"schema":{"@context":"https:\/\/schema.org","@graph":[{"@type":"WebPage","@id":"https:\/\/corpeverest.com\/ca\/la-nostra-historia\/","url":"https:\/\/corpeverest.com\/ca\/la-nostra-historia\/","name":"La nostra hist\u00f2ria - Corporaci\u00f3n Everest","isPartOf":{"@id":"https:\/\/corpeverest.com\/ca\/#website"},"datePublished":"2023-06-09T15:22:21+00:00","dateModified":"2025-07-16T23:16:33+00:00","description":"Empresa de gesti\u00f3 integral de residus fundada el 1964 compromesa en el tractament responsable i ecol\u00f2gic de residus.","breadcrumb":{"@id":"https:\/\/corpeverest.com\/ca\/la-nostra-historia\/#breadcrumb"},"inLanguage":"ca","potentialAction":[{"@type":"ReadAction","target":["https:\/\/corpeverest.com\/ca\/la-nostra-historia\/"]}]},{"@type":"BreadcrumbList","@id":"https:\/\/corpeverest.com\/ca\/la-nostra-historia\/#breadcrumb","itemListElement":[{"@type":"ListItem","position":1,"name":"Inicio","item":"https:\/\/corpeverest.com\/ca\/"},{"@type":"ListItem","position":2,"name":"La nostra hist\u00f2ria"}]},{"@type":"WebSite","@id":"https:\/\/corpeverest.com\/ca\/#website","url":"https:\/\/corpeverest.com\/ca\/","name":"Corporaci\u00f3n Everest","description":"","publisher":{"@id":"https:\/\/corpeverest.com\/ca\/#organization"},"potentialAction":[{"@type":"SearchAction","target":{"@type":"EntryPoint","urlTemplate":"https:\/\/corpeverest.com\/ca\/?s={search_term_string}"},"query-input":{"@type":"PropertyValueSpecification","valueRequired":true,"valueName":"search_term_string"}}],"inLanguage":"ca"},{"@type":"Organization","@id":"https:\/\/corpeverest.com\/ca\/#organization","name":"Corporaci\u00f3n Everest","url":"https:\/\/corpeverest.com\/ca\/","logo":{"@type":"ImageObject","inLanguage":"ca","@id":"https:\/\/corpeverest.com\/ca\/#\/schema\/logo\/image\/","url":"https:\/\/corpeverest.com\/wp-content\/uploads\/2025\/06\/Logo-Corp.-Everest-8-e1750092926475.png","contentUrl":"https:\/\/corpeverest.com\/wp-content\/uploads\/2025\/06\/Logo-Corp.-Everest-8-e1750092926475.png","width":500,"height":180,"caption":"Corporaci\u00f3n Everest"},"image":{"@id":"https:\/\/corpeverest.com\/ca\/#\/schema\/logo\/image\/"}}]}},"_links":{"self":[{"href":"https:\/\/corpeverest.com\/ca\/wp-json\/wp\/v2\/pages\/1064","targetHints":{"allow":["GET"]}}],"collection":[{"href":"https:\/\/corpeverest.com\/ca\/wp-json\/wp\/v2\/pages"}],"about":[{"href":"https:\/\/corpeverest.com\/ca\/wp-json\/wp\/v2\/types\/page"}],"author":[{"embeddable":true,"href":"https:\/\/corpeverest.com\/ca\/wp-json\/wp\/v2\/users\/2"}],"replies":[{"embeddable":true,"href":"https:\/\/corpeverest.com\/ca\/wp-json\/wp\/v2\/comments?post=1064"}],"version-history":[{"count":8,"href":"https:\/\/corpeverest.com\/ca\/wp-json\/wp\/v2\/pages\/1064\/revisions"}],"predecessor-version":[{"id":2278,"href":"https:\/\/corpeverest.com\/ca\/wp-json\/wp\/v2\/pages\/1064\/revisions\/2278"}],"wp:attachment":[{"href":"https:\/\/corpeverest.com\/ca\/wp-json\/wp\/v2\/media?parent=1064"}],"curies":[{"name":"wp","href":"https:\/\/api.w.org\/{rel}","templated":true}]}}